{"id":122160,"date":"2025-07-09T15:42:47","date_gmt":"2025-07-09T07:42:47","guid":{"rendered":"https:\/\/www.mobile-well.com\/?post_type=product&#038;p=122160"},"modified":"2025-07-09T15:43:39","modified_gmt":"2025-07-09T07:43:39","slug":"funda-para-telefono-3-en-1-con-conexion-magnetica-antideslizante-y-diseno-camaleon-de-china","status":"publish","type":"product","link":"https:\/\/www.mobile-well.com\/es\/producto\/funda-para-telefono-3-en-1-con-conexion-magnetica-antideslizante-y-diseno-camaleon-de-china\/","title":{"rendered":"Funda para tel\u00e9fono 3 en 1 con conexi\u00f3n magn\u00e9tica antideslizante y dise\u00f1o camale\u00f3n, de China."},"content":{"rendered":"","protected":false},"excerpt":{"rendered":"<ul>\n<li>N.\u00b0 de producto: P0530-A29<\/li>\n<li>Material: Rayas de colores antideslizantes + goteo de aceite + magnetismo con dise\u00f1o de pi\u00f1a + bot\u00f3n de c\u00e1mara<\/li>\n<li>Artesan\u00eda: Goteo de aceite<\/li>\n<\/ul>\n","protected":false},"featured_media":122175,"template":"","meta":[],"product_brand":[],"product_cat":[77],"product_tag":[10781,10341],"class_list":{"0":"post-122160","1":"product","2":"type-product","3":"status-publish","4":"has-post-thumbnail","6":"product_cat-fundas","7":"product_tag-antideslizante-y-diseno-camaleon","8":"product_tag-funda-para-telefono-3-en-1","10":"first","11":"instock","12":"shipping-taxable","13":"product-type-simple"},"jetpack_sharing_enabled":true,"_links":{"self":[{"href":"https:\/\/www.mobile-well.com\/es\/wp-json\/wp\/v2\/product\/122160","targetHints":{"allow":["GET"]}}],"collection":[{"href":"https:\/\/www.mobile-well.com\/es\/wp-json\/wp\/v2\/product"}],"about":[{"href":"https:\/\/www.mobile-well.com\/es\/wp-json\/wp\/v2\/types\/product"}],"wp:featuredmedia":[{"embeddable":true,"href":"https:\/\/www.mobile-well.com\/es\/wp-json\/wp\/v2\/media\/122175"}],"wp:attachment":[{"href":"https:\/\/www.mobile-well.com\/es\/wp-json\/wp\/v2\/media?parent=122160"}],"wp:term":[{"taxonomy":"product_brand","embeddable":true,"href":"https:\/\/www.mobile-well.com\/es\/wp-json\/wp\/v2\/product_brand?post=122160"},{"taxonomy":"product_cat","embeddable":true,"href":"https:\/\/www.mobile-well.com\/es\/wp-json\/wp\/v2\/product_cat?post=122160"},{"taxonomy":"product_tag","embeddable":true,"href":"https:\/\/www.mobile-well.com\/es\/wp-json\/wp\/v2\/product_tag?post=122160"}],"curies":[{"name":"wp","href":"https:\/\/api.w.org\/{rel}","templated":true}]}}