{"id":122179,"date":"2025-07-09T15:46:56","date_gmt":"2025-07-09T07:46:56","guid":{"rendered":"https:\/\/www.mobile-well.com\/?post_type=product&#038;p=122179"},"modified":"2025-07-09T15:47:25","modified_gmt":"2025-07-09T07:47:25","slug":"funda-magnetica-para-telefono-2-en-1-de-franela-de-alta-calidad-a-prueba-de-caidas","status":"publish","type":"product","link":"https:\/\/www.mobile-well.com\/es\/producto\/funda-magnetica-para-telefono-2-en-1-de-franela-de-alta-calidad-a-prueba-de-caidas\/","title":{"rendered":"Funda magn\u00e9tica para tel\u00e9fono 2 en 1 de franela de alta calidad a prueba de ca\u00eddas"},"content":{"rendered":"","protected":false},"excerpt":{"rendered":"<ul>\n<li>N.\u00b0 de producto: P0530-A34<\/li>\n<li>Material: Rayas de colores antideslizantes + im\u00e1n con estampado de pi\u00f1a + botones de c\u00e1mara. Interior de terciopelo.<\/li>\n<li>Artesan\u00eda: L\u00e1mina de hierro con estampado de pi\u00f1a.<\/li>\n<\/ul>\n","protected":false},"featured_media":122186,"template":"","meta":[],"product_brand":[],"product_cat":[77],"product_tag":[10782,10783,10638],"class_list":{"0":"post-122179","1":"product","2":"type-product","3":"status-publish","4":"has-post-thumbnail","6":"product_cat-fundas","7":"product_tag-2-en-1-de-franela","8":"product_tag-alta-calidad","9":"product_tag-funda-magnetica-para-telefono","11":"first","12":"instock","13":"shipping-taxable","14":"product-type-simple"},"jetpack_sharing_enabled":true,"_links":{"self":[{"href":"https:\/\/www.mobile-well.com\/es\/wp-json\/wp\/v2\/product\/122179","targetHints":{"allow":["GET"]}}],"collection":[{"href":"https:\/\/www.mobile-well.com\/es\/wp-json\/wp\/v2\/product"}],"about":[{"href":"https:\/\/www.mobile-well.com\/es\/wp-json\/wp\/v2\/types\/product"}],"wp:featuredmedia":[{"embeddable":true,"href":"https:\/\/www.mobile-well.com\/es\/wp-json\/wp\/v2\/media\/122186"}],"wp:attachment":[{"href":"https:\/\/www.mobile-well.com\/es\/wp-json\/wp\/v2\/media?parent=122179"}],"wp:term":[{"taxonomy":"product_brand","embeddable":true,"href":"https:\/\/www.mobile-well.com\/es\/wp-json\/wp\/v2\/product_brand?post=122179"},{"taxonomy":"product_cat","embeddable":true,"href":"https:\/\/www.mobile-well.com\/es\/wp-json\/wp\/v2\/product_cat?post=122179"},{"taxonomy":"product_tag","embeddable":true,"href":"https:\/\/www.mobile-well.com\/es\/wp-json\/wp\/v2\/product_tag?post=122179"}],"curies":[{"name":"wp","href":"https:\/\/api.w.org\/{rel}","templated":true}]}}