{"id":122291,"date":"2025-07-10T15:28:08","date_gmt":"2025-07-10T07:28:08","guid":{"rendered":"https:\/\/www.mobile-well.com\/?post_type=product&#038;p=122291"},"modified":"2025-07-10T15:28:39","modified_gmt":"2025-07-10T07:28:39","slug":"funda-magnetica-de-silicona-para-telefono-con-diseno-de-diamante-al-por-mayor","status":"publish","type":"product","link":"https:\/\/www.mobile-well.com\/es\/producto\/funda-magnetica-de-silicona-para-telefono-con-diseno-de-diamante-al-por-mayor\/","title":{"rendered":"Funda magn\u00e9tica de silicona para tel\u00e9fono con dise\u00f1o de diamante al por mayor"},"content":{"rendered":"","protected":false},"excerpt":{"rendered":"<ul>\n<li>N.\u00b0 de producto: P0530-A17<\/li>\n<li>Material: Silicona<\/li>\n<li>Artesan\u00eda: Inyecci\u00f3n de aceite<\/li>\n<\/ul>\n","protected":false},"featured_media":122336,"template":"","meta":[],"product_brand":[],"product_cat":[77],"product_tag":[10791,10766],"class_list":{"0":"post-122291","1":"product","2":"type-product","3":"status-publish","4":"has-post-thumbnail","6":"product_cat-fundas","7":"product_tag-al-por-mayor","8":"product_tag-funda-magnetica-de-silicona","10":"first","11":"instock","12":"shipping-taxable","13":"product-type-simple"},"jetpack_sharing_enabled":true,"_links":{"self":[{"href":"https:\/\/www.mobile-well.com\/es\/wp-json\/wp\/v2\/product\/122291","targetHints":{"allow":["GET"]}}],"collection":[{"href":"https:\/\/www.mobile-well.com\/es\/wp-json\/wp\/v2\/product"}],"about":[{"href":"https:\/\/www.mobile-well.com\/es\/wp-json\/wp\/v2\/types\/product"}],"wp:featuredmedia":[{"embeddable":true,"href":"https:\/\/www.mobile-well.com\/es\/wp-json\/wp\/v2\/media\/122336"}],"wp:attachment":[{"href":"https:\/\/www.mobile-well.com\/es\/wp-json\/wp\/v2\/media?parent=122291"}],"wp:term":[{"taxonomy":"product_brand","embeddable":true,"href":"https:\/\/www.mobile-well.com\/es\/wp-json\/wp\/v2\/product_brand?post=122291"},{"taxonomy":"product_cat","embeddable":true,"href":"https:\/\/www.mobile-well.com\/es\/wp-json\/wp\/v2\/product_cat?post=122291"},{"taxonomy":"product_tag","embeddable":true,"href":"https:\/\/www.mobile-well.com\/es\/wp-json\/wp\/v2\/product_tag?post=122291"}],"curies":[{"name":"wp","href":"https:\/\/api.w.org\/{rel}","templated":true}]}}