{"id":122379,"date":"2025-07-10T15:43:42","date_gmt":"2025-07-10T07:43:42","guid":{"rendered":"https:\/\/www.mobile-well.com\/?post_type=product&#038;p=122379"},"modified":"2025-07-10T15:44:16","modified_gmt":"2025-07-10T07:44:16","slug":"funda-magnetica-transparente-para-telefono-con-marco-de-color-moldeado-por-inyeccion-de-tpupc-de-alta-calidad","status":"publish","type":"product","link":"https:\/\/www.mobile-well.com\/es\/producto\/funda-magnetica-transparente-para-telefono-con-marco-de-color-moldeado-por-inyeccion-de-tpupc-de-alta-calidad\/","title":{"rendered":"Funda magn\u00e9tica transparente para tel\u00e9fono con marco de color moldeado por inyecci\u00f3n de TPU+PC de alta calidad"},"content":{"rendered":"","protected":false},"excerpt":{"rendered":"<ul>\n<li>N.\u00b0 de producto: P0530-A25<\/li>\n<li>Material: TPU + PC + im\u00e1n N52<\/li>\n<li>Fabricaci\u00f3n: Moldeo por inyecci\u00f3n<\/li>\n<\/ul>\n","protected":false},"featured_media":122382,"template":"","meta":[],"product_brand":[],"product_cat":[77],"product_tag":[10568,2773],"class_list":{"0":"post-122379","1":"product","2":"type-product","3":"status-publish","4":"has-post-thumbnail","6":"product_cat-fundas","7":"product_tag-funda-magnetica-transparente","8":"product_tag-funda-tpupc","10":"first","11":"instock","12":"shipping-taxable","13":"product-type-simple"},"jetpack_sharing_enabled":true,"_links":{"self":[{"href":"https:\/\/www.mobile-well.com\/es\/wp-json\/wp\/v2\/product\/122379","targetHints":{"allow":["GET"]}}],"collection":[{"href":"https:\/\/www.mobile-well.com\/es\/wp-json\/wp\/v2\/product"}],"about":[{"href":"https:\/\/www.mobile-well.com\/es\/wp-json\/wp\/v2\/types\/product"}],"wp:featuredmedia":[{"embeddable":true,"href":"https:\/\/www.mobile-well.com\/es\/wp-json\/wp\/v2\/media\/122382"}],"wp:attachment":[{"href":"https:\/\/www.mobile-well.com\/es\/wp-json\/wp\/v2\/media?parent=122379"}],"wp:term":[{"taxonomy":"product_brand","embeddable":true,"href":"https:\/\/www.mobile-well.com\/es\/wp-json\/wp\/v2\/product_brand?post=122379"},{"taxonomy":"product_cat","embeddable":true,"href":"https:\/\/www.mobile-well.com\/es\/wp-json\/wp\/v2\/product_cat?post=122379"},{"taxonomy":"product_tag","embeddable":true,"href":"https:\/\/www.mobile-well.com\/es\/wp-json\/wp\/v2\/product_tag?post=122379"}],"curies":[{"name":"wp","href":"https:\/\/api.w.org\/{rel}","templated":true}]}}