{"id":122508,"date":"2025-08-07T15:23:52","date_gmt":"2025-08-07T07:23:52","guid":{"rendered":"https:\/\/www.mobile-well.com\/?post_type=product&#038;p=122508"},"modified":"2025-08-07T15:25:37","modified_gmt":"2025-08-07T07:25:37","slug":"funda-magnetica-para-telefono-con-inyeccion-de-aceite-2-en-1-para-pc-con-soporte-para-lente","status":"publish","type":"product","link":"https:\/\/www.mobile-well.com\/es\/producto\/funda-magnetica-para-telefono-con-inyeccion-de-aceite-2-en-1-para-pc-con-soporte-para-lente\/","title":{"rendered":"Funda magn\u00e9tica para tel\u00e9fono con inyecci\u00f3n de aceite 2 en 1 para PC con soporte para lente"},"content":{"rendered":"","protected":false},"excerpt":{"rendered":"<ul>\n<li>N.\u00b0 de producto: P0628-A15<\/li>\n<li>Material: PC + herrajes<\/li>\n<li>Fabricaci\u00f3n: inyecci\u00f3n de aceite<\/li>\n<\/ul>\n","protected":false},"featured_media":122527,"template":"","meta":[],"product_brand":[],"product_cat":[77],"product_tag":[10830,1315,10638],"class_list":{"0":"post-122508","1":"product","2":"type-product","3":"status-publish","4":"has-post-thumbnail","6":"product_cat-fundas","7":"product_tag-con-soporte-para-lente","8":"product_tag-funda-2-en-1-2","9":"product_tag-funda-magnetica-para-telefono","11":"first","12":"instock","13":"shipping-taxable","14":"product-type-simple"},"jetpack_sharing_enabled":true,"_links":{"self":[{"href":"https:\/\/www.mobile-well.com\/es\/wp-json\/wp\/v2\/product\/122508","targetHints":{"allow":["GET"]}}],"collection":[{"href":"https:\/\/www.mobile-well.com\/es\/wp-json\/wp\/v2\/product"}],"about":[{"href":"https:\/\/www.mobile-well.com\/es\/wp-json\/wp\/v2\/types\/product"}],"wp:featuredmedia":[{"embeddable":true,"href":"https:\/\/www.mobile-well.com\/es\/wp-json\/wp\/v2\/media\/122527"}],"wp:attachment":[{"href":"https:\/\/www.mobile-well.com\/es\/wp-json\/wp\/v2\/media?parent=122508"}],"wp:term":[{"taxonomy":"product_brand","embeddable":true,"href":"https:\/\/www.mobile-well.com\/es\/wp-json\/wp\/v2\/product_brand?post=122508"},{"taxonomy":"product_cat","embeddable":true,"href":"https:\/\/www.mobile-well.com\/es\/wp-json\/wp\/v2\/product_cat?post=122508"},{"taxonomy":"product_tag","embeddable":true,"href":"https:\/\/www.mobile-well.com\/es\/wp-json\/wp\/v2\/product_tag?post=122508"}],"curies":[{"name":"wp","href":"https:\/\/api.w.org\/{rel}","templated":true}]}}