{"id":122561,"date":"2025-08-11T10:32:53","date_gmt":"2025-08-11T02:32:53","guid":{"rendered":"https:\/\/www.mobile-well.com\/?post_type=product&#038;p=122561"},"modified":"2025-08-11T16:49:57","modified_gmt":"2025-08-11T08:49:57","slug":"funda-para-telefono-2-en-1-de-tpu-y-pc-con-iman-extraible-e-intercambiable","status":"publish","type":"product","link":"https:\/\/www.mobile-well.com\/es\/producto\/funda-para-telefono-2-en-1-de-tpu-y-pc-con-iman-extraible-e-intercambiable\/","title":{"rendered":"Funda para tel\u00e9fono 2 en 1 de TPU y PC con im\u00e1n extra\u00edble e intercambiable"},"content":{"rendered":"","protected":false},"excerpt":{"rendered":"<ul>\n<li>N.\u00b0 de producto: P0628-A13<\/li>\n<li>Material: TPU + PC<\/li>\n<li>Forma de empleo: Impresi\u00f3n de pegatinas<\/li>\n<\/ul>\n","protected":false},"featured_media":122584,"template":"","meta":[],"product_brand":[],"product_cat":[77],"product_tag":[1315,10784,2773,10832],"class_list":{"0":"post-122561","1":"product","2":"type-product","3":"status-publish","4":"has-post-thumbnail","6":"product_cat-fundas","7":"product_tag-funda-2-en-1-2","8":"product_tag-funda-para-telefono-2-en-1","9":"product_tag-funda-tpupc","10":"product_tag-iman-extraible-e-intercambiable","12":"first","13":"instock","14":"shipping-taxable","15":"product-type-simple"},"jetpack_sharing_enabled":true,"_links":{"self":[{"href":"https:\/\/www.mobile-well.com\/es\/wp-json\/wp\/v2\/product\/122561","targetHints":{"allow":["GET"]}}],"collection":[{"href":"https:\/\/www.mobile-well.com\/es\/wp-json\/wp\/v2\/product"}],"about":[{"href":"https:\/\/www.mobile-well.com\/es\/wp-json\/wp\/v2\/types\/product"}],"wp:featuredmedia":[{"embeddable":true,"href":"https:\/\/www.mobile-well.com\/es\/wp-json\/wp\/v2\/media\/122584"}],"wp:attachment":[{"href":"https:\/\/www.mobile-well.com\/es\/wp-json\/wp\/v2\/media?parent=122561"}],"wp:term":[{"taxonomy":"product_brand","embeddable":true,"href":"https:\/\/www.mobile-well.com\/es\/wp-json\/wp\/v2\/product_brand?post=122561"},{"taxonomy":"product_cat","embeddable":true,"href":"https:\/\/www.mobile-well.com\/es\/wp-json\/wp\/v2\/product_cat?post=122561"},{"taxonomy":"product_tag","embeddable":true,"href":"https:\/\/www.mobile-well.com\/es\/wp-json\/wp\/v2\/product_tag?post=122561"}],"curies":[{"name":"wp","href":"https:\/\/api.w.org\/{rel}","templated":true}]}}