{"id":122751,"date":"2025-08-20T17:17:17","date_gmt":"2025-08-20T09:17:17","guid":{"rendered":"https:\/\/www.mobile-well.com\/?post_type=product&#038;p=122751"},"modified":"2025-08-20T17:17:40","modified_gmt":"2025-08-20T09:17:40","slug":"funda-para-telefono-movil-3-en-1-de-tpupc-con-tipografia-transparente-y-diamantes-con-pulsera","status":"publish","type":"product","link":"https:\/\/www.mobile-well.com\/es\/producto\/funda-para-telefono-movil-3-en-1-de-tpupc-con-tipografia-transparente-y-diamantes-con-pulsera\/","title":{"rendered":"Funda para tel\u00e9fono m\u00f3vil 3 en 1 de TPU+PC con tipograf\u00eda transparente y diamantes, con pulsera"},"content":{"rendered":"","protected":false},"excerpt":{"rendered":"<ul>\n<li>N.\u00b0 de producto: P0628-A11<\/li>\n<li>Material: TPU + PC<\/li>\n<li>Artesan\u00eda: Pintado + Diamantes + Accesorios<\/li>\n<\/ul>\n","protected":false},"featured_media":122766,"template":"","meta":[],"product_brand":[],"product_cat":[77],"product_tag":[10193,2773],"class_list":{"0":"post-122751","1":"product","2":"type-product","3":"status-publish","4":"has-post-thumbnail","6":"product_cat-fundas","7":"product_tag-funda-para-telefono-movil-3-en-1","8":"product_tag-funda-tpupc","10":"first","11":"instock","12":"shipping-taxable","13":"product-type-simple"},"jetpack_sharing_enabled":true,"_links":{"self":[{"href":"https:\/\/www.mobile-well.com\/es\/wp-json\/wp\/v2\/product\/122751","targetHints":{"allow":["GET"]}}],"collection":[{"href":"https:\/\/www.mobile-well.com\/es\/wp-json\/wp\/v2\/product"}],"about":[{"href":"https:\/\/www.mobile-well.com\/es\/wp-json\/wp\/v2\/types\/product"}],"wp:featuredmedia":[{"embeddable":true,"href":"https:\/\/www.mobile-well.com\/es\/wp-json\/wp\/v2\/media\/122766"}],"wp:attachment":[{"href":"https:\/\/www.mobile-well.com\/es\/wp-json\/wp\/v2\/media?parent=122751"}],"wp:term":[{"taxonomy":"product_brand","embeddable":true,"href":"https:\/\/www.mobile-well.com\/es\/wp-json\/wp\/v2\/product_brand?post=122751"},{"taxonomy":"product_cat","embeddable":true,"href":"https:\/\/www.mobile-well.com\/es\/wp-json\/wp\/v2\/product_cat?post=122751"},{"taxonomy":"product_tag","embeddable":true,"href":"https:\/\/www.mobile-well.com\/es\/wp-json\/wp\/v2\/product_tag?post=122751"}],"curies":[{"name":"wp","href":"https:\/\/api.w.org\/{rel}","templated":true}]}}