{"id":122880,"date":"2025-08-21T11:19:17","date_gmt":"2025-08-21T03:19:17","guid":{"rendered":"https:\/\/www.mobile-well.com\/?post_type=product&#038;p=122880"},"modified":"2025-08-21T11:19:41","modified_gmt":"2025-08-21T03:19:41","slug":"funda-para-telefono-2-en-1-de-tpupc-de-piel-sintetica-y-color-solido-con-atraccion-magnetica","status":"publish","type":"product","link":"https:\/\/www.mobile-well.com\/es\/producto\/funda-para-telefono-2-en-1-de-tpupc-de-piel-sintetica-y-color-solido-con-atraccion-magnetica\/","title":{"rendered":"Funda para tel\u00e9fono 2 en 1 de TPU+PC, de piel sint\u00e9tica y color s\u00f3lido con atracci\u00f3n magn\u00e9tica."},"content":{"rendered":"","protected":false},"excerpt":{"rendered":"<ul>\n<li>N.\u00b0 de producto: P0628-A24<\/li>\n<li>Material: PC + TPU<\/li>\n<li>Artesan\u00eda: Aceite de cuero + imanes<\/li>\n<\/ul>\n","protected":false},"featured_media":122903,"template":"","meta":[],"product_brand":[],"product_cat":[77],"product_tag":[10857,10784,2773],"class_list":{"0":"post-122880","1":"product","2":"type-product","3":"status-publish","4":"has-post-thumbnail","6":"product_cat-fundas","7":"product_tag-atraccion-magnetica","8":"product_tag-funda-para-telefono-2-en-1","9":"product_tag-funda-tpupc","11":"first","12":"instock","13":"shipping-taxable","14":"product-type-simple"},"jetpack_sharing_enabled":true,"_links":{"self":[{"href":"https:\/\/www.mobile-well.com\/es\/wp-json\/wp\/v2\/product\/122880","targetHints":{"allow":["GET"]}}],"collection":[{"href":"https:\/\/www.mobile-well.com\/es\/wp-json\/wp\/v2\/product"}],"about":[{"href":"https:\/\/www.mobile-well.com\/es\/wp-json\/wp\/v2\/types\/product"}],"wp:featuredmedia":[{"embeddable":true,"href":"https:\/\/www.mobile-well.com\/es\/wp-json\/wp\/v2\/media\/122903"}],"wp:attachment":[{"href":"https:\/\/www.mobile-well.com\/es\/wp-json\/wp\/v2\/media?parent=122880"}],"wp:term":[{"taxonomy":"product_brand","embeddable":true,"href":"https:\/\/www.mobile-well.com\/es\/wp-json\/wp\/v2\/product_brand?post=122880"},{"taxonomy":"product_cat","embeddable":true,"href":"https:\/\/www.mobile-well.com\/es\/wp-json\/wp\/v2\/product_cat?post=122880"},{"taxonomy":"product_tag","embeddable":true,"href":"https:\/\/www.mobile-well.com\/es\/wp-json\/wp\/v2\/product_tag?post=122880"}],"curies":[{"name":"wp","href":"https:\/\/api.w.org\/{rel}","templated":true}]}}