{"id":122930,"date":"2025-09-12T17:33:23","date_gmt":"2025-09-12T09:33:23","guid":{"rendered":"https:\/\/www.mobile-well.com\/?post_type=product&#038;p=122930"},"modified":"2025-09-12T17:33:25","modified_gmt":"2025-09-12T09:33:25","slug":"funda-transparente-para-telefono-con-marco-multicolor-de-tpu-y-pc-marco-de-camara-de-diamante-y-lamina-imd","status":"publish","type":"product","link":"https:\/\/www.mobile-well.com\/es\/producto\/funda-transparente-para-telefono-con-marco-multicolor-de-tpu-y-pc-marco-de-camara-de-diamante-y-lamina-imd\/","title":{"rendered":"Funda transparente para tel\u00e9fono con marco multicolor de TPU y PC, marco de c\u00e1mara de diamante y l\u00e1mina IMD"},"content":{"rendered":"","protected":false},"excerpt":{"rendered":"<ul>\n<li>N.\u00b0 de producto: P0826-A02<\/li>\n<li>Material: TPU + PC<\/li>\n<li>Fabricaci\u00f3n: L\u00e1mina IMD<\/li>\n<\/ul>\n","protected":false},"featured_media":122953,"template":"","meta":[],"product_brand":[],"product_cat":[77],"product_tag":[10196,10867],"class_list":{"0":"post-122930","1":"product","2":"type-product","3":"status-publish","4":"has-post-thumbnail","6":"product_cat-fundas","7":"product_tag-funda-transparente-para-telefono","8":"product_tag-marco-multicolor","10":"first","11":"instock","12":"shipping-taxable","13":"product-type-simple"},"jetpack_sharing_enabled":true,"_links":{"self":[{"href":"https:\/\/www.mobile-well.com\/es\/wp-json\/wp\/v2\/product\/122930","targetHints":{"allow":["GET"]}}],"collection":[{"href":"https:\/\/www.mobile-well.com\/es\/wp-json\/wp\/v2\/product"}],"about":[{"href":"https:\/\/www.mobile-well.com\/es\/wp-json\/wp\/v2\/types\/product"}],"wp:featuredmedia":[{"embeddable":true,"href":"https:\/\/www.mobile-well.com\/es\/wp-json\/wp\/v2\/media\/122953"}],"wp:attachment":[{"href":"https:\/\/www.mobile-well.com\/es\/wp-json\/wp\/v2\/media?parent=122930"}],"wp:term":[{"taxonomy":"product_brand","embeddable":true,"href":"https:\/\/www.mobile-well.com\/es\/wp-json\/wp\/v2\/product_brand?post=122930"},{"taxonomy":"product_cat","embeddable":true,"href":"https:\/\/www.mobile-well.com\/es\/wp-json\/wp\/v2\/product_cat?post=122930"},{"taxonomy":"product_tag","embeddable":true,"href":"https:\/\/www.mobile-well.com\/es\/wp-json\/wp\/v2\/product_tag?post=122930"}],"curies":[{"name":"wp","href":"https:\/\/api.w.org\/{rel}","templated":true}]}}