{"id":123087,"date":"2025-09-15T11:13:53","date_gmt":"2025-09-15T03:13:53","guid":{"rendered":"https:\/\/www.mobile-well.com\/?post_type=product&#038;p=123087"},"modified":"2025-09-15T11:15:07","modified_gmt":"2025-09-15T03:15:07","slug":"funda-para-telefono-de-tpupc-acrilico-con-tacto-de-piel-y-soporte-de-succion-magnetica","status":"publish","type":"product","link":"https:\/\/www.mobile-well.com\/es\/producto\/funda-para-telefono-de-tpupc-acrilico-con-tacto-de-piel-y-soporte-de-succion-magnetica\/","title":{"rendered":"Funda para tel\u00e9fono de TPU+PC acr\u00edlico con tacto de piel y soporte de succi\u00f3n magn\u00e9tica"},"content":{"rendered":"","protected":false},"excerpt":{"rendered":"<ul>\n<li>N.\u00b0 de producto: P0826-A08<\/li>\n<li>Material: Acr\u00edlico y policarbonato<\/li>\n<li>Tacto suave<\/li>\n<\/ul>\n","protected":false},"featured_media":123102,"template":"","meta":[],"product_brand":[],"product_cat":[77],"product_tag":[8316,10877],"class_list":{"0":"post-123087","1":"product","2":"type-product","3":"status-publish","4":"has-post-thumbnail","6":"product_cat-fundas","7":"product_tag-funda-para-telefono","8":"product_tag-succion-magnetica-funda","10":"first","11":"instock","12":"shipping-taxable","13":"product-type-simple"},"jetpack_sharing_enabled":true,"_links":{"self":[{"href":"https:\/\/www.mobile-well.com\/es\/wp-json\/wp\/v2\/product\/123087","targetHints":{"allow":["GET"]}}],"collection":[{"href":"https:\/\/www.mobile-well.com\/es\/wp-json\/wp\/v2\/product"}],"about":[{"href":"https:\/\/www.mobile-well.com\/es\/wp-json\/wp\/v2\/types\/product"}],"wp:featuredmedia":[{"embeddable":true,"href":"https:\/\/www.mobile-well.com\/es\/wp-json\/wp\/v2\/media\/123102"}],"wp:attachment":[{"href":"https:\/\/www.mobile-well.com\/es\/wp-json\/wp\/v2\/media?parent=123087"}],"wp:term":[{"taxonomy":"product_brand","embeddable":true,"href":"https:\/\/www.mobile-well.com\/es\/wp-json\/wp\/v2\/product_brand?post=123087"},{"taxonomy":"product_cat","embeddable":true,"href":"https:\/\/www.mobile-well.com\/es\/wp-json\/wp\/v2\/product_cat?post=123087"},{"taxonomy":"product_tag","embeddable":true,"href":"https:\/\/www.mobile-well.com\/es\/wp-json\/wp\/v2\/product_tag?post=123087"}],"curies":[{"name":"wp","href":"https:\/\/api.w.org\/{rel}","templated":true}]}}