{"id":123104,"date":"2025-09-15T11:20:22","date_gmt":"2025-09-15T03:20:22","guid":{"rendered":"https:\/\/www.mobile-well.com\/?post_type=product&#038;p=123104"},"modified":"2025-09-15T11:20:41","modified_gmt":"2025-09-15T03:20:41","slug":"funda-para-telefono-movil-con-pegamento-en-aerosol-de-tpu-y-pc-3-en-1-con-lamina-imd-venta-al-por-mayor","status":"publish","type":"product","link":"https:\/\/www.mobile-well.com\/es\/producto\/funda-para-telefono-movil-con-pegamento-en-aerosol-de-tpu-y-pc-3-en-1-con-lamina-imd-venta-al-por-mayor\/","title":{"rendered":"Funda para tel\u00e9fono m\u00f3vil con pegamento en aerosol de TPU y PC 3 en 1, con l\u00e1mina IMD, venta al por mayor"},"content":{"rendered":"","protected":false},"excerpt":{"rendered":"<ul>\n<li>N.\u00b0 de producto: P0826-A09<\/li>\n<li>Material: TPU + PC<\/li>\n<li>Fabricaci\u00f3n: Epoxi pintado + accesorios + l\u00e1mina IMD<\/li>\n<\/ul>\n","protected":false},"featured_media":123119,"template":"","meta":[],"product_brand":[],"product_cat":[77],"product_tag":[5349,10878,3838,10265],"class_list":{"0":"post-123104","1":"product","2":"type-product","3":"status-publish","4":"has-post-thumbnail","6":"product_cat-fundas","7":"product_tag-3-en-1","8":"product_tag-con-lamina-imd","9":"product_tag-funda-para-telefono-movil","10":"product_tag-venta-al-por-mayor","12":"first","13":"instock","14":"shipping-taxable","15":"product-type-simple"},"jetpack_sharing_enabled":true,"_links":{"self":[{"href":"https:\/\/www.mobile-well.com\/es\/wp-json\/wp\/v2\/product\/123104","targetHints":{"allow":["GET"]}}],"collection":[{"href":"https:\/\/www.mobile-well.com\/es\/wp-json\/wp\/v2\/product"}],"about":[{"href":"https:\/\/www.mobile-well.com\/es\/wp-json\/wp\/v2\/types\/product"}],"wp:featuredmedia":[{"embeddable":true,"href":"https:\/\/www.mobile-well.com\/es\/wp-json\/wp\/v2\/media\/123119"}],"wp:attachment":[{"href":"https:\/\/www.mobile-well.com\/es\/wp-json\/wp\/v2\/media?parent=123104"}],"wp:term":[{"taxonomy":"product_brand","embeddable":true,"href":"https:\/\/www.mobile-well.com\/es\/wp-json\/wp\/v2\/product_brand?post=123104"},{"taxonomy":"product_cat","embeddable":true,"href":"https:\/\/www.mobile-well.com\/es\/wp-json\/wp\/v2\/product_cat?post=123104"},{"taxonomy":"product_tag","embeddable":true,"href":"https:\/\/www.mobile-well.com\/es\/wp-json\/wp\/v2\/product_tag?post=123104"}],"curies":[{"name":"wp","href":"https:\/\/api.w.org\/{rel}","templated":true}]}}