{"id":123163,"date":"2025-09-15T11:42:00","date_gmt":"2025-09-15T03:42:00","guid":{"rendered":"https:\/\/www.mobile-well.com\/?post_type=product&#038;p=123163"},"modified":"2025-09-15T11:42:38","modified_gmt":"2025-09-15T03:42:38","slug":"venta-al-por-mayor-de-fundas-de-telefono-transparentes-con-impresion-imd-de-tpupc-y-brillo-magnetico","status":"publish","type":"product","link":"https:\/\/www.mobile-well.com\/es\/producto\/venta-al-por-mayor-de-fundas-de-telefono-transparentes-con-impresion-imd-de-tpupc-y-brillo-magnetico\/","title":{"rendered":"Venta al por mayor de fundas de tel\u00e9fono transparentes con impresi\u00f3n IMD de TPU+PC y brillo magn\u00e9tico."},"content":{"rendered":"","protected":false},"excerpt":{"rendered":"<ul>\n<li>N.\u00b0 de producto: P0826-A12<\/li>\n<li>Material: TPU + PC<\/li>\n<li>Fabricaci\u00f3n: IMD<\/li>\n<\/ul>\n","protected":false},"featured_media":123188,"template":"","meta":[],"product_brand":[],"product_cat":[77],"product_tag":[10881,10880,10882,10571],"class_list":{"0":"post-123163","1":"product","2":"type-product","3":"status-publish","4":"has-post-thumbnail","6":"product_cat-fundas","7":"product_tag-impresion-imd","8":"product_tag-telefono-transparentes","9":"product_tag-tpupc-y-brillo-magnetico","10":"product_tag-venta-al-por-mayor-de-fundas","12":"first","13":"instock","14":"shipping-taxable","15":"product-type-simple"},"jetpack_sharing_enabled":true,"_links":{"self":[{"href":"https:\/\/www.mobile-well.com\/es\/wp-json\/wp\/v2\/product\/123163","targetHints":{"allow":["GET"]}}],"collection":[{"href":"https:\/\/www.mobile-well.com\/es\/wp-json\/wp\/v2\/product"}],"about":[{"href":"https:\/\/www.mobile-well.com\/es\/wp-json\/wp\/v2\/types\/product"}],"wp:featuredmedia":[{"embeddable":true,"href":"https:\/\/www.mobile-well.com\/es\/wp-json\/wp\/v2\/media\/123188"}],"wp:attachment":[{"href":"https:\/\/www.mobile-well.com\/es\/wp-json\/wp\/v2\/media?parent=123163"}],"wp:term":[{"taxonomy":"product_brand","embeddable":true,"href":"https:\/\/www.mobile-well.com\/es\/wp-json\/wp\/v2\/product_brand?post=123163"},{"taxonomy":"product_cat","embeddable":true,"href":"https:\/\/www.mobile-well.com\/es\/wp-json\/wp\/v2\/product_cat?post=123163"},{"taxonomy":"product_tag","embeddable":true,"href":"https:\/\/www.mobile-well.com\/es\/wp-json\/wp\/v2\/product_tag?post=123163"}],"curies":[{"name":"wp","href":"https:\/\/api.w.org\/{rel}","templated":true}]}}