{"id":123239,"date":"2025-09-15T11:55:16","date_gmt":"2025-09-15T03:55:16","guid":{"rendered":"https:\/\/www.mobile-well.com\/?post_type=product&#038;p=123239"},"modified":"2025-09-15T11:55:18","modified_gmt":"2025-09-15T03:55:18","slug":"funda-para-telefono-movil-desmontable-3-en-1-de-tpu-pc-y-acrilico-con-proteccion-360-y-aceite","status":"publish","type":"product","link":"https:\/\/www.mobile-well.com\/es\/producto\/funda-para-telefono-movil-desmontable-3-en-1-de-tpu-pc-y-acrilico-con-proteccion-360-y-aceite\/","title":{"rendered":"Funda para tel\u00e9fono m\u00f3vil desmontable 3 en 1 de TPU, PC y acr\u00edlico con protecci\u00f3n 360\u00b0 y aceite"},"content":{"rendered":"","protected":false},"excerpt":{"rendered":"<ul>\n<li>N.\u00b0 de producto: P0826-A15<\/li>\n<li>Material: TPU + PC + acr\u00edlico<\/li>\n<li>Artesan\u00eda: Aceite de goma<\/li>\n<\/ul>\n","protected":false},"featured_media":123252,"template":"","meta":[],"product_brand":[],"product_cat":[77],"product_tag":[10885,10886],"class_list":{"0":"post-123239","1":"product","2":"type-product","3":"status-publish","4":"has-post-thumbnail","6":"product_cat-fundas","7":"product_tag-funda-para-telefono-movil-desmontable-3-en-1","8":"product_tag-proteccion-360-y-aceite","10":"first","11":"instock","12":"shipping-taxable","13":"product-type-simple"},"jetpack_sharing_enabled":true,"_links":{"self":[{"href":"https:\/\/www.mobile-well.com\/es\/wp-json\/wp\/v2\/product\/123239","targetHints":{"allow":["GET"]}}],"collection":[{"href":"https:\/\/www.mobile-well.com\/es\/wp-json\/wp\/v2\/product"}],"about":[{"href":"https:\/\/www.mobile-well.com\/es\/wp-json\/wp\/v2\/types\/product"}],"wp:featuredmedia":[{"embeddable":true,"href":"https:\/\/www.mobile-well.com\/es\/wp-json\/wp\/v2\/media\/123252"}],"wp:attachment":[{"href":"https:\/\/www.mobile-well.com\/es\/wp-json\/wp\/v2\/media?parent=123239"}],"wp:term":[{"taxonomy":"product_brand","embeddable":true,"href":"https:\/\/www.mobile-well.com\/es\/wp-json\/wp\/v2\/product_brand?post=123239"},{"taxonomy":"product_cat","embeddable":true,"href":"https:\/\/www.mobile-well.com\/es\/wp-json\/wp\/v2\/product_cat?post=123239"},{"taxonomy":"product_tag","embeddable":true,"href":"https:\/\/www.mobile-well.com\/es\/wp-json\/wp\/v2\/product_tag?post=123239"}],"curies":[{"name":"wp","href":"https:\/\/api.w.org\/{rel}","templated":true}]}}