{"id":123281,"date":"2025-09-15T14:21:19","date_gmt":"2025-09-15T06:21:19","guid":{"rendered":"https:\/\/www.mobile-well.com\/?post_type=product&#038;p=123281"},"modified":"2025-09-15T14:21:26","modified_gmt":"2025-09-15T06:21:26","slug":"funda-para-telefono-movil-3-en-1-transparente-de-tpupcacrilico-con-marco-de-lente-galvanizado","status":"publish","type":"product","link":"https:\/\/www.mobile-well.com\/es\/producto\/funda-para-telefono-movil-3-en-1-transparente-de-tpupcacrilico-con-marco-de-lente-galvanizado\/","title":{"rendered":"Funda para tel\u00e9fono m\u00f3vil 3 en 1 transparente de TPU+PC+Acr\u00edlico con marco de lente galvanizado"},"content":{"rendered":"","protected":false},"excerpt":{"rendered":"<ul>\n<li>N.\u00b0 de producto: P0826-A17<\/li>\n<li>Material: TPU + PC + acr\u00edlico<\/li>\n<li>Fabricaci\u00f3n: Marco de lente con revestimiento transparente<\/li>\n<\/ul>\n","protected":false},"featured_media":123292,"template":"","meta":[],"product_brand":[],"product_cat":[77],"product_tag":[10193,10888,5570],"class_list":{"0":"post-123281","1":"product","2":"type-product","3":"status-publish","4":"has-post-thumbnail","6":"product_cat-fundas","7":"product_tag-funda-para-telefono-movil-3-en-1","8":"product_tag-funda-para-telefono-movil-3-en-1-transparente","9":"product_tag-tpupcacrilico","11":"first","12":"instock","13":"shipping-taxable","14":"product-type-simple"},"jetpack_sharing_enabled":true,"_links":{"self":[{"href":"https:\/\/www.mobile-well.com\/es\/wp-json\/wp\/v2\/product\/123281","targetHints":{"allow":["GET"]}}],"collection":[{"href":"https:\/\/www.mobile-well.com\/es\/wp-json\/wp\/v2\/product"}],"about":[{"href":"https:\/\/www.mobile-well.com\/es\/wp-json\/wp\/v2\/types\/product"}],"wp:featuredmedia":[{"embeddable":true,"href":"https:\/\/www.mobile-well.com\/es\/wp-json\/wp\/v2\/media\/123292"}],"wp:attachment":[{"href":"https:\/\/www.mobile-well.com\/es\/wp-json\/wp\/v2\/media?parent=123281"}],"wp:term":[{"taxonomy":"product_brand","embeddable":true,"href":"https:\/\/www.mobile-well.com\/es\/wp-json\/wp\/v2\/product_brand?post=123281"},{"taxonomy":"product_cat","embeddable":true,"href":"https:\/\/www.mobile-well.com\/es\/wp-json\/wp\/v2\/product_cat?post=123281"},{"taxonomy":"product_tag","embeddable":true,"href":"https:\/\/www.mobile-well.com\/es\/wp-json\/wp\/v2\/product_tag?post=123281"}],"curies":[{"name":"wp","href":"https:\/\/api.w.org\/{rel}","templated":true}]}}