{"id":123328,"date":"2025-09-15T14:35:46","date_gmt":"2025-09-15T06:35:46","guid":{"rendered":"https:\/\/www.mobile-well.com\/?post_type=product&#038;p=123328"},"modified":"2025-09-15T14:36:10","modified_gmt":"2025-09-15T06:36:10","slug":"funda-magnetica-de-tpu-y-acrilico-con-botones-metalicos-y-marco-para-camara-de-metal","status":"publish","type":"product","link":"https:\/\/www.mobile-well.com\/es\/producto\/funda-magnetica-de-tpu-y-acrilico-con-botones-metalicos-y-marco-para-camara-de-metal\/","title":{"rendered":"Funda magn\u00e9tica de TPU y acr\u00edlico con botones met\u00e1licos y marco para c\u00e1mara de metal"},"content":{"rendered":"","protected":false},"excerpt":{"rendered":"<ul>\n<li>N.\u00b0 de producto: P0826-A20<\/li>\n<li>Material: TPU + acr\u00edlico + bot\u00f3n de herrajes<\/li>\n<li>Artesan\u00eda: moldeo por inyecci\u00f3n<\/li>\n<\/ul>\n","protected":false},"featured_media":123345,"template":"","meta":[],"product_brand":[],"product_cat":[77],"product_tag":[10891,10890],"class_list":{"0":"post-123328","1":"product","2":"type-product","3":"status-publish","4":"has-post-thumbnail","6":"product_cat-fundas","7":"product_tag-con-botones-metalicos-y-marco","8":"product_tag-funda-magnetica-de-tpu-y-acrilico","10":"first","11":"instock","12":"shipping-taxable","13":"product-type-simple"},"jetpack_sharing_enabled":true,"_links":{"self":[{"href":"https:\/\/www.mobile-well.com\/es\/wp-json\/wp\/v2\/product\/123328","targetHints":{"allow":["GET"]}}],"collection":[{"href":"https:\/\/www.mobile-well.com\/es\/wp-json\/wp\/v2\/product"}],"about":[{"href":"https:\/\/www.mobile-well.com\/es\/wp-json\/wp\/v2\/types\/product"}],"wp:featuredmedia":[{"embeddable":true,"href":"https:\/\/www.mobile-well.com\/es\/wp-json\/wp\/v2\/media\/123345"}],"wp:attachment":[{"href":"https:\/\/www.mobile-well.com\/es\/wp-json\/wp\/v2\/media?parent=123328"}],"wp:term":[{"taxonomy":"product_brand","embeddable":true,"href":"https:\/\/www.mobile-well.com\/es\/wp-json\/wp\/v2\/product_brand?post=123328"},{"taxonomy":"product_cat","embeddable":true,"href":"https:\/\/www.mobile-well.com\/es\/wp-json\/wp\/v2\/product_cat?post=123328"},{"taxonomy":"product_tag","embeddable":true,"href":"https:\/\/www.mobile-well.com\/es\/wp-json\/wp\/v2\/product_tag?post=123328"}],"curies":[{"name":"wp","href":"https:\/\/api.w.org\/{rel}","templated":true}]}}