{"id":123459,"date":"2025-10-31T16:50:50","date_gmt":"2025-10-31T08:50:50","guid":{"rendered":"https:\/\/www.mobile-well.com\/?post_type=product&#038;p=123459"},"modified":"2025-10-31T16:51:05","modified_gmt":"2025-10-31T08:51:05","slug":"funda-para-telefono-de-tpuacrilico-con-impresion-de-epoxi-tenido","status":"publish","type":"product","link":"https:\/\/www.mobile-well.com\/es\/producto\/funda-para-telefono-de-tpuacrilico-con-impresion-de-epoxi-tenido\/","title":{"rendered":"Funda para tel\u00e9fono de TPU+Acr\u00edlico con impresi\u00f3n de epoxi te\u00f1ido"},"content":{"rendered":"","protected":false},"excerpt":{"rendered":"<ul>\n<li>N.\u00b0 de producto: P0922-A08<\/li>\n<li>Material: TPU + Acr\u00edlico<\/li>\n<li>Acabado: Te\u00f1ido y pintado con epoxi<\/li>\n<li>Cantidad m\u00ednima de pedido: 200 unidades (modelo I-PH), 300 unidades (otros modelos)<\/li>\n<li>Peso neto: 57,10 g<\/li>\n<\/ul>\n","protected":false},"featured_media":123492,"template":"","meta":[],"product_brand":[],"product_cat":[77],"product_tag":[8316,10926,10925],"class_list":{"0":"post-123459","1":"product","2":"type-product","3":"status-publish","4":"has-post-thumbnail","6":"product_cat-fundas","7":"product_tag-funda-para-telefono","8":"product_tag-impresion-de-epoxi-tenido","9":"product_tag-tpuacrilico","11":"first","12":"instock","13":"shipping-taxable","14":"product-type-simple"},"jetpack_sharing_enabled":true,"_links":{"self":[{"href":"https:\/\/www.mobile-well.com\/es\/wp-json\/wp\/v2\/product\/123459","targetHints":{"allow":["GET"]}}],"collection":[{"href":"https:\/\/www.mobile-well.com\/es\/wp-json\/wp\/v2\/product"}],"about":[{"href":"https:\/\/www.mobile-well.com\/es\/wp-json\/wp\/v2\/types\/product"}],"wp:featuredmedia":[{"embeddable":true,"href":"https:\/\/www.mobile-well.com\/es\/wp-json\/wp\/v2\/media\/123492"}],"wp:attachment":[{"href":"https:\/\/www.mobile-well.com\/es\/wp-json\/wp\/v2\/media?parent=123459"}],"wp:term":[{"taxonomy":"product_brand","embeddable":true,"href":"https:\/\/www.mobile-well.com\/es\/wp-json\/wp\/v2\/product_brand?post=123459"},{"taxonomy":"product_cat","embeddable":true,"href":"https:\/\/www.mobile-well.com\/es\/wp-json\/wp\/v2\/product_cat?post=123459"},{"taxonomy":"product_tag","embeddable":true,"href":"https:\/\/www.mobile-well.com\/es\/wp-json\/wp\/v2\/product_tag?post=123459"}],"curies":[{"name":"wp","href":"https:\/\/api.w.org\/{rel}","templated":true}]}}