{"id":123498,"date":"2025-10-31T16:57:09","date_gmt":"2025-10-31T08:57:09","guid":{"rendered":"https:\/\/www.mobile-well.com\/?post_type=product&#038;p=123498"},"modified":"2025-10-31T16:57:26","modified_gmt":"2025-10-31T08:57:26","slug":"funda-para-telefono-2-en-1-con-diseno-de-perlas-pintadas-diamantes-y-lamina-laser-con-pulsera","status":"publish","type":"product","link":"https:\/\/www.mobile-well.com\/es\/producto\/funda-para-telefono-2-en-1-con-diseno-de-perlas-pintadas-diamantes-y-lamina-laser-con-pulsera\/","title":{"rendered":"Funda para tel\u00e9fono 2 en 1 con dise\u00f1o de perlas pintadas, diamantes y l\u00e1mina l\u00e1ser, con pulsera."},"content":{"rendered":"","protected":false},"excerpt":{"rendered":"<ul>\n<li>N.\u00b0 de producto: P0922-A09<\/li>\n<li>Material: Diamante de perla pintado + l\u00e1mina l\u00e1ser + pulsera<\/li>\n<li>T\u00e9cnica: Dos en uno<\/li>\n<li>Cantidad m\u00ednima de pedido: 200 unidades\/modelo, 50 unidades\/patr\u00f3n<\/li>\n<li>Peso neto: 73,40 g<\/li>\n<\/ul>\n","protected":false},"featured_media":123517,"template":"","meta":[],"product_brand":[],"product_cat":[77],"product_tag":[10928,10927,10784],"class_list":{"0":"post-123498","1":"product","2":"type-product","3":"status-publish","4":"has-post-thumbnail","6":"product_cat-fundas","7":"product_tag-diamantes-y-lamina-laser","8":"product_tag-diseno-de-perlas-pintadas","9":"product_tag-funda-para-telefono-2-en-1","11":"first","12":"instock","13":"shipping-taxable","14":"product-type-simple"},"jetpack_sharing_enabled":true,"_links":{"self":[{"href":"https:\/\/www.mobile-well.com\/es\/wp-json\/wp\/v2\/product\/123498","targetHints":{"allow":["GET"]}}],"collection":[{"href":"https:\/\/www.mobile-well.com\/es\/wp-json\/wp\/v2\/product"}],"about":[{"href":"https:\/\/www.mobile-well.com\/es\/wp-json\/wp\/v2\/types\/product"}],"wp:featuredmedia":[{"embeddable":true,"href":"https:\/\/www.mobile-well.com\/es\/wp-json\/wp\/v2\/media\/123517"}],"wp:attachment":[{"href":"https:\/\/www.mobile-well.com\/es\/wp-json\/wp\/v2\/media?parent=123498"}],"wp:term":[{"taxonomy":"product_brand","embeddable":true,"href":"https:\/\/www.mobile-well.com\/es\/wp-json\/wp\/v2\/product_brand?post=123498"},{"taxonomy":"product_cat","embeddable":true,"href":"https:\/\/www.mobile-well.com\/es\/wp-json\/wp\/v2\/product_cat?post=123498"},{"taxonomy":"product_tag","embeddable":true,"href":"https:\/\/www.mobile-well.com\/es\/wp-json\/wp\/v2\/product_tag?post=123498"}],"curies":[{"name":"wp","href":"https:\/\/api.w.org\/{rel}","templated":true}]}}