{"id":123550,"date":"2025-10-31T17:09:58","date_gmt":"2025-10-31T09:09:58","guid":{"rendered":"https:\/\/www.mobile-well.com\/?post_type=product&#038;p=123550"},"modified":"2025-10-31T17:10:14","modified_gmt":"2025-10-31T09:10:14","slug":"funda-magnetica-translucida-degradada-3-en-1-para-telefono-con-soporte-magnetico-popsocket","status":"publish","type":"product","link":"https:\/\/www.mobile-well.com\/es\/producto\/funda-magnetica-translucida-degradada-3-en-1-para-telefono-con-soporte-magnetico-popsocket\/","title":{"rendered":"Funda magn\u00e9tica transl\u00facida degradada 3 en 1 para tel\u00e9fono con soporte magn\u00e9tico PopSocket"},"content":{"rendered":"","protected":false},"excerpt":{"rendered":"<ul>\n<li>N.\u00b0 de producto: P0922-A11<\/li>\n<li>Material: TPU + PC<\/li>\n<li>T\u00e9cnica: Degradado<\/li>\n<li>Cantidad m\u00ednima de pedido: 200 unidades\/modelo, 50 unidades\/patr\u00f3n<\/li>\n<li>Peso neto: 115,10 g<\/li>\n<\/ul>\n","protected":false},"featured_media":123565,"template":"","meta":[],"product_brand":[],"product_cat":[77],"product_tag":[10931,10930,10932],"class_list":{"0":"post-123550","1":"product","2":"type-product","3":"status-publish","4":"has-post-thumbnail","6":"product_cat-fundas","7":"product_tag-3-en-1-para-telefono","8":"product_tag-funda-magnetica-translucida","9":"product_tag-soporte-magnetico-popsocket","11":"first","12":"instock","13":"shipping-taxable","14":"product-type-simple"},"jetpack_sharing_enabled":true,"_links":{"self":[{"href":"https:\/\/www.mobile-well.com\/es\/wp-json\/wp\/v2\/product\/123550","targetHints":{"allow":["GET"]}}],"collection":[{"href":"https:\/\/www.mobile-well.com\/es\/wp-json\/wp\/v2\/product"}],"about":[{"href":"https:\/\/www.mobile-well.com\/es\/wp-json\/wp\/v2\/types\/product"}],"wp:featuredmedia":[{"embeddable":true,"href":"https:\/\/www.mobile-well.com\/es\/wp-json\/wp\/v2\/media\/123565"}],"wp:attachment":[{"href":"https:\/\/www.mobile-well.com\/es\/wp-json\/wp\/v2\/media?parent=123550"}],"wp:term":[{"taxonomy":"product_brand","embeddable":true,"href":"https:\/\/www.mobile-well.com\/es\/wp-json\/wp\/v2\/product_brand?post=123550"},{"taxonomy":"product_cat","embeddable":true,"href":"https:\/\/www.mobile-well.com\/es\/wp-json\/wp\/v2\/product_cat?post=123550"},{"taxonomy":"product_tag","embeddable":true,"href":"https:\/\/www.mobile-well.com\/es\/wp-json\/wp\/v2\/product_tag?post=123550"}],"curies":[{"name":"wp","href":"https:\/\/api.w.org\/{rel}","templated":true}]}}