{"id":123573,"date":"2025-10-31T17:17:34","date_gmt":"2025-10-31T09:17:34","guid":{"rendered":"https:\/\/www.mobile-well.com\/?post_type=product&#038;p=123573"},"modified":"2025-10-31T17:18:17","modified_gmt":"2025-10-31T09:18:17","slug":"funda-para-telefono-2-en-1-de-alta-transparencia-con-marco-de-lente-metalico-y-soporte-magnetico","status":"publish","type":"product","link":"https:\/\/www.mobile-well.com\/es\/producto\/funda-para-telefono-2-en-1-de-alta-transparencia-con-marco-de-lente-metalico-y-soporte-magnetico\/","title":{"rendered":"Funda para tel\u00e9fono 2 en 1 de alta transparencia con marco de lente met\u00e1lico y soporte magn\u00e9tico"},"content":{"rendered":"","protected":false},"excerpt":{"rendered":"<ul>\n<li>N.\u00b0 de producto: P0922-A12<\/li>\n<li>Material: TPU + Acr\u00edlico + Soporte met\u00e1lico<\/li>\n<li>Fabricaci\u00f3n: Moldeo por inyecci\u00f3n<\/li>\n<li>Cantidad m\u00ednima de pedido: 100 unidades\/modelo, 50 unidades\/color<\/li>\n<li>Peso neto: 50 g<\/li>\n<\/ul>\n","protected":false},"featured_media":123582,"template":"","meta":[],"product_brand":[],"product_cat":[77],"product_tag":[5218,10784,10673],"class_list":{"0":"post-123573","1":"product","2":"type-product","3":"status-publish","4":"has-post-thumbnail","6":"product_cat-fundas","7":"product_tag-alta-transparencia","8":"product_tag-funda-para-telefono-2-en-1","9":"product_tag-soporte-magnetico","11":"first","12":"instock","13":"shipping-taxable","14":"product-type-simple"},"jetpack_sharing_enabled":true,"_links":{"self":[{"href":"https:\/\/www.mobile-well.com\/es\/wp-json\/wp\/v2\/product\/123573","targetHints":{"allow":["GET"]}}],"collection":[{"href":"https:\/\/www.mobile-well.com\/es\/wp-json\/wp\/v2\/product"}],"about":[{"href":"https:\/\/www.mobile-well.com\/es\/wp-json\/wp\/v2\/types\/product"}],"wp:featuredmedia":[{"embeddable":true,"href":"https:\/\/www.mobile-well.com\/es\/wp-json\/wp\/v2\/media\/123582"}],"wp:attachment":[{"href":"https:\/\/www.mobile-well.com\/es\/wp-json\/wp\/v2\/media?parent=123573"}],"wp:term":[{"taxonomy":"product_brand","embeddable":true,"href":"https:\/\/www.mobile-well.com\/es\/wp-json\/wp\/v2\/product_brand?post=123573"},{"taxonomy":"product_cat","embeddable":true,"href":"https:\/\/www.mobile-well.com\/es\/wp-json\/wp\/v2\/product_cat?post=123573"},{"taxonomy":"product_tag","embeddable":true,"href":"https:\/\/www.mobile-well.com\/es\/wp-json\/wp\/v2\/product_tag?post=123573"}],"curies":[{"name":"wp","href":"https:\/\/api.w.org\/{rel}","templated":true}]}}