{"id":123684,"date":"2025-11-06T15:27:44","date_gmt":"2025-11-06T07:27:44","guid":{"rendered":"https:\/\/www.mobile-well.com\/?post_type=product&#038;p=123684"},"modified":"2025-11-06T15:28:00","modified_gmt":"2025-11-06T07:28:00","slug":"funda-magnetica-para-telefono-movil-de-tpu-con-diseno-de-flor-de-ciruelo-con-pedreria-y-tarjetero","status":"publish","type":"product","link":"https:\/\/www.mobile-well.com\/es\/producto\/funda-magnetica-para-telefono-movil-de-tpu-con-diseno-de-flor-de-ciruelo-con-pedreria-y-tarjetero\/","title":{"rendered":"Funda magn\u00e9tica para tel\u00e9fono m\u00f3vil de TPU con dise\u00f1o de flor de ciruelo con pedrer\u00eda y tarjetero."},"content":{"rendered":"","protected":false},"excerpt":{"rendered":"<ul>\n<li>N.\u00b0 de producto: P0922-A04<\/li>\n<li>Material: TPU + im\u00e1n<\/li>\n<li>Dise\u00f1o: Puntos de diamante + tarjetero de diamante<\/li>\n<\/ul>\n","protected":false},"featured_media":123701,"template":"","meta":[],"product_brand":[],"product_cat":[77],"product_tag":[10942,10940,10941],"class_list":{"0":"post-123684","1":"product","2":"type-product","3":"status-publish","4":"has-post-thumbnail","6":"product_cat-fundas","7":"product_tag-ciruelo-con-pedreria-y-tarjetero","8":"product_tag-funda-magnetica-para-telefono-movil","9":"product_tag-tpu-con-diseno-de-flor","11":"first","12":"instock","13":"shipping-taxable","14":"product-type-simple"},"jetpack_sharing_enabled":true,"_links":{"self":[{"href":"https:\/\/www.mobile-well.com\/es\/wp-json\/wp\/v2\/product\/123684","targetHints":{"allow":["GET"]}}],"collection":[{"href":"https:\/\/www.mobile-well.com\/es\/wp-json\/wp\/v2\/product"}],"about":[{"href":"https:\/\/www.mobile-well.com\/es\/wp-json\/wp\/v2\/types\/product"}],"wp:featuredmedia":[{"embeddable":true,"href":"https:\/\/www.mobile-well.com\/es\/wp-json\/wp\/v2\/media\/123701"}],"wp:attachment":[{"href":"https:\/\/www.mobile-well.com\/es\/wp-json\/wp\/v2\/media?parent=123684"}],"wp:term":[{"taxonomy":"product_brand","embeddable":true,"href":"https:\/\/www.mobile-well.com\/es\/wp-json\/wp\/v2\/product_brand?post=123684"},{"taxonomy":"product_cat","embeddable":true,"href":"https:\/\/www.mobile-well.com\/es\/wp-json\/wp\/v2\/product_cat?post=123684"},{"taxonomy":"product_tag","embeddable":true,"href":"https:\/\/www.mobile-well.com\/es\/wp-json\/wp\/v2\/product_tag?post=123684"}],"curies":[{"name":"wp","href":"https:\/\/api.w.org\/{rel}","templated":true}]}}