{"id":123705,"date":"2025-11-06T15:32:36","date_gmt":"2025-11-06T07:32:36","guid":{"rendered":"https:\/\/www.mobile-well.com\/?post_type=product&#038;p=123705"},"modified":"2025-11-06T15:33:04","modified_gmt":"2025-11-06T07:33:04","slug":"funda-magnetica-para-telefono-con-diamantes-de-imitacion-y-tarjetero-de-cobertura-total","status":"publish","type":"product","link":"https:\/\/www.mobile-well.com\/es\/producto\/funda-magnetica-para-telefono-con-diamantes-de-imitacion-y-tarjetero-de-cobertura-total\/","title":{"rendered":"Funda magn\u00e9tica para tel\u00e9fono con diamantes de imitaci\u00f3n y tarjetero, de cobertura total."},"content":{"rendered":"","protected":false},"excerpt":{"rendered":"<ul>\n<li>Producto n.\u00b0: P0922-A05<\/li>\n<li>Material: TPU + im\u00e1n<\/li>\n<li>Dise\u00f1o: Puntos de diamante + tarjetero de diamante<\/li>\n<\/ul>\n","protected":false},"featured_media":123716,"template":"","meta":[],"product_brand":[],"product_cat":[77],"product_tag":[10944,10943,10638],"class_list":{"0":"post-123705","1":"product","2":"type-product","3":"status-publish","4":"has-post-thumbnail","6":"product_cat-fundas","7":"product_tag-cobertura-total","8":"product_tag-diamantes-de-imitacion-y-tarjetero","9":"product_tag-funda-magnetica-para-telefono","11":"first","12":"instock","13":"shipping-taxable","14":"product-type-simple"},"jetpack_sharing_enabled":true,"_links":{"self":[{"href":"https:\/\/www.mobile-well.com\/es\/wp-json\/wp\/v2\/product\/123705","targetHints":{"allow":["GET"]}}],"collection":[{"href":"https:\/\/www.mobile-well.com\/es\/wp-json\/wp\/v2\/product"}],"about":[{"href":"https:\/\/www.mobile-well.com\/es\/wp-json\/wp\/v2\/types\/product"}],"wp:featuredmedia":[{"embeddable":true,"href":"https:\/\/www.mobile-well.com\/es\/wp-json\/wp\/v2\/media\/123716"}],"wp:attachment":[{"href":"https:\/\/www.mobile-well.com\/es\/wp-json\/wp\/v2\/media?parent=123705"}],"wp:term":[{"taxonomy":"product_brand","embeddable":true,"href":"https:\/\/www.mobile-well.com\/es\/wp-json\/wp\/v2\/product_brand?post=123705"},{"taxonomy":"product_cat","embeddable":true,"href":"https:\/\/www.mobile-well.com\/es\/wp-json\/wp\/v2\/product_cat?post=123705"},{"taxonomy":"product_tag","embeddable":true,"href":"https:\/\/www.mobile-well.com\/es\/wp-json\/wp\/v2\/product_tag?post=123705"}],"curies":[{"name":"wp","href":"https:\/\/api.w.org\/{rel}","templated":true}]}}