{"id":123727,"date":"2025-11-07T16:29:27","date_gmt":"2025-11-07T08:29:27","guid":{"rendered":"https:\/\/www.mobile-well.com\/?post_type=product&#038;p=123727"},"modified":"2025-11-07T16:31:08","modified_gmt":"2025-11-07T08:31:08","slug":"funda-para-telefono-de-tpu-de-color-solido-con-tacto-de-piel-y-soporte-magnetico","status":"publish","type":"product","link":"https:\/\/www.mobile-well.com\/es\/producto\/funda-para-telefono-de-tpu-de-color-solido-con-tacto-de-piel-y-soporte-magnetico\/","title":{"rendered":"Funda para tel\u00e9fono de TPU de color s\u00f3lido con tacto de piel y soporte magn\u00e9tico"},"content":{"rendered":"","protected":false},"excerpt":{"rendered":"<ul>\n<li>N.\u00b0 de producto: P0922-A06<\/li>\n<li>Material: TPU + herrajes<\/li>\n<li>T\u00e9cnica: inyecci\u00f3n de resina<\/li>\n<\/ul>\n","protected":false},"featured_media":123744,"template":"","meta":[],"product_brand":[],"product_cat":[77],"product_tag":[8316,10954],"class_list":{"0":"post-123727","1":"product","2":"type-product","3":"status-publish","4":"has-post-thumbnail","6":"product_cat-fundas","7":"product_tag-funda-para-telefono","8":"product_tag-tacto-de-piel-y-soporte-magnetico","10":"first","11":"instock","12":"shipping-taxable","13":"product-type-simple"},"jetpack_sharing_enabled":true,"_links":{"self":[{"href":"https:\/\/www.mobile-well.com\/es\/wp-json\/wp\/v2\/product\/123727","targetHints":{"allow":["GET"]}}],"collection":[{"href":"https:\/\/www.mobile-well.com\/es\/wp-json\/wp\/v2\/product"}],"about":[{"href":"https:\/\/www.mobile-well.com\/es\/wp-json\/wp\/v2\/types\/product"}],"wp:featuredmedia":[{"embeddable":true,"href":"https:\/\/www.mobile-well.com\/es\/wp-json\/wp\/v2\/media\/123744"}],"wp:attachment":[{"href":"https:\/\/www.mobile-well.com\/es\/wp-json\/wp\/v2\/media?parent=123727"}],"wp:term":[{"taxonomy":"product_brand","embeddable":true,"href":"https:\/\/www.mobile-well.com\/es\/wp-json\/wp\/v2\/product_brand?post=123727"},{"taxonomy":"product_cat","embeddable":true,"href":"https:\/\/www.mobile-well.com\/es\/wp-json\/wp\/v2\/product_cat?post=123727"},{"taxonomy":"product_tag","embeddable":true,"href":"https:\/\/www.mobile-well.com\/es\/wp-json\/wp\/v2\/product_tag?post=123727"}],"curies":[{"name":"wp","href":"https:\/\/api.w.org\/{rel}","templated":true}]}}