{"id":123746,"date":"2025-11-07T16:36:20","date_gmt":"2025-11-07T08:36:20","guid":{"rendered":"https:\/\/www.mobile-well.com\/?post_type=product&#038;p=123746"},"modified":"2025-11-07T16:36:57","modified_gmt":"2025-11-07T08:36:57","slug":"funda-magnetica-translucida-de-tpu-impresa-con-funcion-de-flash-para-llamadas-entrantes","status":"publish","type":"product","link":"https:\/\/www.mobile-well.com\/es\/producto\/funda-magnetica-translucida-de-tpu-impresa-con-funcion-de-flash-para-llamadas-entrantes\/","title":{"rendered":"Funda magn\u00e9tica transl\u00facida de TPU impresa con funci\u00f3n de flash para llamadas entrantes"},"content":{"rendered":"","protected":false},"excerpt":{"rendered":"<ul>\n<li>Producto n.\u00b0: P0922-A07<\/li>\n<li>Material: TPU + Acr\u00edlico<\/li>\n<li>Acabado: Pintura epoxi te\u00f1ida + Flash para llamadas entrantes<\/li>\n<\/ul>\n","protected":false},"featured_media":123763,"template":"","meta":[],"product_brand":[],"product_cat":[77],"product_tag":[10955,10930,10956],"class_list":{"0":"post-123746","1":"product","2":"type-product","3":"status-publish","4":"has-post-thumbnail","6":"product_cat-fundas","7":"product_tag-funcion-de-flash","8":"product_tag-funda-magnetica-translucida","9":"product_tag-para-llamadas-entrantes","11":"first","12":"instock","13":"shipping-taxable","14":"product-type-simple"},"jetpack_sharing_enabled":true,"_links":{"self":[{"href":"https:\/\/www.mobile-well.com\/es\/wp-json\/wp\/v2\/product\/123746","targetHints":{"allow":["GET"]}}],"collection":[{"href":"https:\/\/www.mobile-well.com\/es\/wp-json\/wp\/v2\/product"}],"about":[{"href":"https:\/\/www.mobile-well.com\/es\/wp-json\/wp\/v2\/types\/product"}],"wp:featuredmedia":[{"embeddable":true,"href":"https:\/\/www.mobile-well.com\/es\/wp-json\/wp\/v2\/media\/123763"}],"wp:attachment":[{"href":"https:\/\/www.mobile-well.com\/es\/wp-json\/wp\/v2\/media?parent=123746"}],"wp:term":[{"taxonomy":"product_brand","embeddable":true,"href":"https:\/\/www.mobile-well.com\/es\/wp-json\/wp\/v2\/product_brand?post=123746"},{"taxonomy":"product_cat","embeddable":true,"href":"https:\/\/www.mobile-well.com\/es\/wp-json\/wp\/v2\/product_cat?post=123746"},{"taxonomy":"product_tag","embeddable":true,"href":"https:\/\/www.mobile-well.com\/es\/wp-json\/wp\/v2\/product_tag?post=123746"}],"curies":[{"name":"wp","href":"https:\/\/api.w.org\/{rel}","templated":true}]}}