{"id":123767,"date":"2025-11-07T16:40:52","date_gmt":"2025-11-07T08:40:52","guid":{"rendered":"https:\/\/www.mobile-well.com\/?post_type=product&#038;p=123767"},"modified":"2025-11-07T16:40:57","modified_gmt":"2025-11-07T08:40:57","slug":"funda-magnetica-para-telefono-con-tacto-de-piel-fabricada-integramente-en-policarbonato-con-inyeccion-de-aceite","status":"publish","type":"product","link":"https:\/\/www.mobile-well.com\/es\/producto\/funda-magnetica-para-telefono-con-tacto-de-piel-fabricada-integramente-en-policarbonato-con-inyeccion-de-aceite\/","title":{"rendered":"Funda magn\u00e9tica para tel\u00e9fono con tacto de piel, fabricada \u00edntegramente en policarbonato con inyecci\u00f3n de aceite."},"content":{"rendered":"","protected":false},"excerpt":{"rendered":"<ul>\n<li>N.\u00b0 de producto: P0922-A14<\/li>\n<li>Material: PC<\/li>\n<li>T\u00e9cnica: inyecci\u00f3n de aceite<\/li>\n<\/ul>\n","protected":false},"featured_media":123778,"template":"","meta":[],"product_brand":[],"product_cat":[77],"product_tag":[10638],"class_list":{"0":"post-123767","1":"product","2":"type-product","3":"status-publish","4":"has-post-thumbnail","6":"product_cat-fundas","7":"product_tag-funda-magnetica-para-telefono","9":"first","10":"instock","11":"shipping-taxable","12":"product-type-simple"},"jetpack_sharing_enabled":true,"_links":{"self":[{"href":"https:\/\/www.mobile-well.com\/es\/wp-json\/wp\/v2\/product\/123767","targetHints":{"allow":["GET"]}}],"collection":[{"href":"https:\/\/www.mobile-well.com\/es\/wp-json\/wp\/v2\/product"}],"about":[{"href":"https:\/\/www.mobile-well.com\/es\/wp-json\/wp\/v2\/types\/product"}],"wp:featuredmedia":[{"embeddable":true,"href":"https:\/\/www.mobile-well.com\/es\/wp-json\/wp\/v2\/media\/123778"}],"wp:attachment":[{"href":"https:\/\/www.mobile-well.com\/es\/wp-json\/wp\/v2\/media?parent=123767"}],"wp:term":[{"taxonomy":"product_brand","embeddable":true,"href":"https:\/\/www.mobile-well.com\/es\/wp-json\/wp\/v2\/product_brand?post=123767"},{"taxonomy":"product_cat","embeddable":true,"href":"https:\/\/www.mobile-well.com\/es\/wp-json\/wp\/v2\/product_cat?post=123767"},{"taxonomy":"product_tag","embeddable":true,"href":"https:\/\/www.mobile-well.com\/es\/wp-json\/wp\/v2\/product_tag?post=123767"}],"curies":[{"name":"wp","href":"https:\/\/api.w.org\/{rel}","templated":true}]}}