{"id":123865,"date":"2025-12-05T11:26:44","date_gmt":"2025-12-05T03:26:44","guid":{"rendered":"https:\/\/www.mobile-well.com\/?post_type=product&#038;p=123865"},"modified":"2025-12-05T11:26:48","modified_gmt":"2025-12-05T03:26:48","slug":"venta-directa-de-fabrica-funda-para-telefono-magnetica-con-purpurina-2-en-1-de-tpu-y-pc-con-marco-de-lente-extraible","status":"publish","type":"product","link":"https:\/\/www.mobile-well.com\/es\/producto\/venta-directa-de-fabrica-funda-para-telefono-magnetica-con-purpurina-2-en-1-de-tpu-y-pc-con-marco-de-lente-extraible\/","title":{"rendered":"Venta directa de f\u00e1brica Funda para tel\u00e9fono magn\u00e9tica con purpurina 2 en 1 de TPU y PC con marco de lente extra\u00edble."},"content":{"rendered":"","protected":false},"excerpt":{"rendered":"<ul>\n<li>N.\u00b0 de producto: P1107-A05<\/li>\n<li>Material: TPU + PC<\/li>\n<li>Artesan\u00eda: Magn\u00e9tico con purpurina<\/li>\n<li>Peso m\u00ednimo: 100 unidades\/modelo, 50 unidades\/patr\u00f3n<\/li>\n<li>Peso neto del producto: 50,90 g<\/li>\n<\/ul>\n","protected":false},"featured_media":123869,"template":"","meta":[],"product_brand":[],"product_cat":[77],"product_tag":[1315,10682,10983,10269],"class_list":{"0":"post-123865","1":"product","2":"type-product","3":"status-publish","4":"has-post-thumbnail","6":"product_cat-fundas","7":"product_tag-funda-2-en-1-2","8":"product_tag-funda-para-telefono-magnetica","9":"product_tag-marco-de-lente-extraible","10":"product_tag-venta-directa-de-fabrica","12":"first","13":"instock","14":"shipping-taxable","15":"product-type-simple"},"jetpack_sharing_enabled":true,"_links":{"self":[{"href":"https:\/\/www.mobile-well.com\/es\/wp-json\/wp\/v2\/product\/123865","targetHints":{"allow":["GET"]}}],"collection":[{"href":"https:\/\/www.mobile-well.com\/es\/wp-json\/wp\/v2\/product"}],"about":[{"href":"https:\/\/www.mobile-well.com\/es\/wp-json\/wp\/v2\/types\/product"}],"wp:featuredmedia":[{"embeddable":true,"href":"https:\/\/www.mobile-well.com\/es\/wp-json\/wp\/v2\/media\/123869"}],"wp:attachment":[{"href":"https:\/\/www.mobile-well.com\/es\/wp-json\/wp\/v2\/media?parent=123865"}],"wp:term":[{"taxonomy":"product_brand","embeddable":true,"href":"https:\/\/www.mobile-well.com\/es\/wp-json\/wp\/v2\/product_brand?post=123865"},{"taxonomy":"product_cat","embeddable":true,"href":"https:\/\/www.mobile-well.com\/es\/wp-json\/wp\/v2\/product_cat?post=123865"},{"taxonomy":"product_tag","embeddable":true,"href":"https:\/\/www.mobile-well.com\/es\/wp-json\/wp\/v2\/product_tag?post=123865"}],"curies":[{"name":"wp","href":"https:\/\/api.w.org\/{rel}","templated":true}]}}