{"id":123913,"date":"2025-12-05T11:50:19","date_gmt":"2025-12-05T03:50:19","guid":{"rendered":"https:\/\/www.mobile-well.com\/?post_type=product&#038;p=123913"},"modified":"2025-12-05T11:50:20","modified_gmt":"2025-12-05T03:50:20","slug":"venta-al-por-mayor-3-en-1-pc-tpu-funda-para-telefono-con-tenido-degradado-con-iman","status":"publish","type":"product","link":"https:\/\/www.mobile-well.com\/es\/producto\/venta-al-por-mayor-3-en-1-pc-tpu-funda-para-telefono-con-tenido-degradado-con-iman\/","title":{"rendered":"Venta al por mayor 3 en 1 PC + TPU funda para tel\u00e9fono con te\u00f1ido degradado con im\u00e1n"},"content":{"rendered":"","protected":false},"excerpt":{"rendered":"<ul>\n<li>N.\u00b0 de producto: P1107-A11<\/li>\n<li>Material: TPU + PC<\/li>\n<li>Fabricaci\u00f3n: Te\u00f1ido en degradado + Imanes<\/li>\n<li>Peso neto del producto: 53,90 g<\/li>\n<\/ul>\n","protected":false},"featured_media":123924,"template":"","meta":[],"product_brand":[],"product_cat":[77],"product_tag":[10989,10988],"class_list":{"0":"post-123913","1":"product","2":"type-product","3":"status-publish","4":"has-post-thumbnail","6":"product_cat-fundas","7":"product_tag-pc-tpu-funda","8":"product_tag-venta-al-por-mayor-3-en-1","10":"first","11":"instock","12":"shipping-taxable","13":"product-type-simple"},"jetpack_sharing_enabled":true,"_links":{"self":[{"href":"https:\/\/www.mobile-well.com\/es\/wp-json\/wp\/v2\/product\/123913","targetHints":{"allow":["GET"]}}],"collection":[{"href":"https:\/\/www.mobile-well.com\/es\/wp-json\/wp\/v2\/product"}],"about":[{"href":"https:\/\/www.mobile-well.com\/es\/wp-json\/wp\/v2\/types\/product"}],"wp:featuredmedia":[{"embeddable":true,"href":"https:\/\/www.mobile-well.com\/es\/wp-json\/wp\/v2\/media\/123924"}],"wp:attachment":[{"href":"https:\/\/www.mobile-well.com\/es\/wp-json\/wp\/v2\/media?parent=123913"}],"wp:term":[{"taxonomy":"product_brand","embeddable":true,"href":"https:\/\/www.mobile-well.com\/es\/wp-json\/wp\/v2\/product_brand?post=123913"},{"taxonomy":"product_cat","embeddable":true,"href":"https:\/\/www.mobile-well.com\/es\/wp-json\/wp\/v2\/product_cat?post=123913"},{"taxonomy":"product_tag","embeddable":true,"href":"https:\/\/www.mobile-well.com\/es\/wp-json\/wp\/v2\/product_tag?post=123913"}],"curies":[{"name":"wp","href":"https:\/\/api.w.org\/{rel}","templated":true}]}}