{"id":123963,"date":"2025-12-05T13:52:23","date_gmt":"2025-12-05T05:52:23","guid":{"rendered":"https:\/\/www.mobile-well.com\/?post_type=product&#038;p=123963"},"modified":"2025-12-05T13:52:26","modified_gmt":"2025-12-05T05:52:26","slug":"funda-para-telefono-2-en-1-con-diseno-de-cd-y-anillo-magnetico","status":"publish","type":"product","link":"https:\/\/www.mobile-well.com\/es\/producto\/funda-para-telefono-2-en-1-con-diseno-de-cd-y-anillo-magnetico\/","title":{"rendered":"Funda para tel\u00e9fono 2 en 1 con dise\u00f1o de CD y anillo magn\u00e9tico."},"content":{"rendered":"","protected":false},"excerpt":{"rendered":"<ul>\n<li>N.\u00b0 de producto: P1107-A15<\/li>\n<li>Material: TPU<\/li>\n<li>Proceso: Galvanoplastia + im\u00e1n<\/li>\n<li>Peso neto del producto: 51,00 g<\/li>\n<\/ul>\n","protected":false},"featured_media":123966,"template":"","meta":[],"product_brand":[],"product_cat":[77],"product_tag":[10784],"class_list":{"0":"post-123963","1":"product","2":"type-product","3":"status-publish","4":"has-post-thumbnail","6":"product_cat-fundas","7":"product_tag-funda-para-telefono-2-en-1","9":"first","10":"instock","11":"shipping-taxable","12":"product-type-simple"},"jetpack_sharing_enabled":true,"_links":{"self":[{"href":"https:\/\/www.mobile-well.com\/es\/wp-json\/wp\/v2\/product\/123963","targetHints":{"allow":["GET"]}}],"collection":[{"href":"https:\/\/www.mobile-well.com\/es\/wp-json\/wp\/v2\/product"}],"about":[{"href":"https:\/\/www.mobile-well.com\/es\/wp-json\/wp\/v2\/types\/product"}],"wp:featuredmedia":[{"embeddable":true,"href":"https:\/\/www.mobile-well.com\/es\/wp-json\/wp\/v2\/media\/123966"}],"wp:attachment":[{"href":"https:\/\/www.mobile-well.com\/es\/wp-json\/wp\/v2\/media?parent=123963"}],"wp:term":[{"taxonomy":"product_brand","embeddable":true,"href":"https:\/\/www.mobile-well.com\/es\/wp-json\/wp\/v2\/product_brand?post=123963"},{"taxonomy":"product_cat","embeddable":true,"href":"https:\/\/www.mobile-well.com\/es\/wp-json\/wp\/v2\/product_cat?post=123963"},{"taxonomy":"product_tag","embeddable":true,"href":"https:\/\/www.mobile-well.com\/es\/wp-json\/wp\/v2\/product_tag?post=123963"}],"curies":[{"name":"wp","href":"https:\/\/api.w.org\/{rel}","templated":true}]}}