{"id":123974,"date":"2025-12-05T13:58:06","date_gmt":"2025-12-05T05:58:06","guid":{"rendered":"https:\/\/www.mobile-well.com\/?post_type=product&#038;p=123974"},"modified":"2025-12-05T13:58:11","modified_gmt":"2025-12-05T05:58:11","slug":"funda-magnetica-para-telefono-con-purpurina-de-tpuimd-y-soporte-para-lente-de-metal","status":"publish","type":"product","link":"https:\/\/www.mobile-well.com\/es\/producto\/funda-magnetica-para-telefono-con-purpurina-de-tpuimd-y-soporte-para-lente-de-metal\/","title":{"rendered":"Funda magn\u00e9tica para tel\u00e9fono con purpurina de TPU+IMD y soporte para lente de metal"},"content":{"rendered":"","protected":false},"excerpt":{"rendered":"<ul>\n<li>N.\u00b0 de producto: P1107-A17<\/li>\n<li>Material: TPU<\/li>\n<li>Fabricaci\u00f3n: IMD + im\u00e1n + soporte met\u00e1lico<\/li>\n<li>Peso neto del producto: 48,60 g<\/li>\n<\/ul>\n","protected":false},"featured_media":123982,"template":"","meta":[],"product_brand":[],"product_cat":[77],"product_tag":[10638,10990],"class_list":{"0":"post-123974","1":"product","2":"type-product","3":"status-publish","4":"has-post-thumbnail","6":"product_cat-fundas","7":"product_tag-funda-magnetica-para-telefono","8":"product_tag-purpurina-de-tpuimd","10":"first","11":"instock","12":"shipping-taxable","13":"product-type-simple"},"jetpack_sharing_enabled":true,"_links":{"self":[{"href":"https:\/\/www.mobile-well.com\/es\/wp-json\/wp\/v2\/product\/123974","targetHints":{"allow":["GET"]}}],"collection":[{"href":"https:\/\/www.mobile-well.com\/es\/wp-json\/wp\/v2\/product"}],"about":[{"href":"https:\/\/www.mobile-well.com\/es\/wp-json\/wp\/v2\/types\/product"}],"wp:featuredmedia":[{"embeddable":true,"href":"https:\/\/www.mobile-well.com\/es\/wp-json\/wp\/v2\/media\/123982"}],"wp:attachment":[{"href":"https:\/\/www.mobile-well.com\/es\/wp-json\/wp\/v2\/media?parent=123974"}],"wp:term":[{"taxonomy":"product_brand","embeddable":true,"href":"https:\/\/www.mobile-well.com\/es\/wp-json\/wp\/v2\/product_brand?post=123974"},{"taxonomy":"product_cat","embeddable":true,"href":"https:\/\/www.mobile-well.com\/es\/wp-json\/wp\/v2\/product_cat?post=123974"},{"taxonomy":"product_tag","embeddable":true,"href":"https:\/\/www.mobile-well.com\/es\/wp-json\/wp\/v2\/product_tag?post=123974"}],"curies":[{"name":"wp","href":"https:\/\/api.w.org\/{rel}","templated":true}]}}