{"id":124025,"date":"2025-12-05T14:57:44","date_gmt":"2025-12-05T06:57:44","guid":{"rendered":"https:\/\/www.mobile-well.com\/?post_type=product&#038;p=124025"},"modified":"2025-12-05T14:57:48","modified_gmt":"2025-12-05T06:57:48","slug":"precio-de-fabrica-al-por-mayor-funda-para-telefono-de-pc-de-color-solido-con-iman","status":"publish","type":"product","link":"https:\/\/www.mobile-well.com\/es\/producto\/precio-de-fabrica-al-por-mayor-funda-para-telefono-de-pc-de-color-solido-con-iman\/","title":{"rendered":"Precio de f\u00e1brica al por mayor Funda para tel\u00e9fono de PC de color s\u00f3lido con im\u00e1n"},"content":{"rendered":"","protected":false},"excerpt":{"rendered":"<ul>\n<li>N.\u00b0 de producto: P1107-A20<\/li>\n<li>Material: PC<\/li>\n<li>Proceso: Moldeo por inyecci\u00f3n + Magn\u00e9tico<\/li>\n<\/ul>\n","protected":false},"featured_media":124033,"template":"","meta":[],"product_brand":[],"product_cat":[77],"product_tag":[10994,10993,9962],"class_list":{"0":"post-124025","1":"product","2":"type-product","3":"status-publish","4":"has-post-thumbnail","6":"product_cat-fundas","7":"product_tag-de-color-solido-con-iman","8":"product_tag-funda-para-telefono-de-pc","9":"product_tag-precio-de-fabrica-al-por-mayor","11":"first","12":"instock","13":"shipping-taxable","14":"product-type-simple"},"jetpack_sharing_enabled":true,"_links":{"self":[{"href":"https:\/\/www.mobile-well.com\/es\/wp-json\/wp\/v2\/product\/124025","targetHints":{"allow":["GET"]}}],"collection":[{"href":"https:\/\/www.mobile-well.com\/es\/wp-json\/wp\/v2\/product"}],"about":[{"href":"https:\/\/www.mobile-well.com\/es\/wp-json\/wp\/v2\/types\/product"}],"wp:featuredmedia":[{"embeddable":true,"href":"https:\/\/www.mobile-well.com\/es\/wp-json\/wp\/v2\/media\/124033"}],"wp:attachment":[{"href":"https:\/\/www.mobile-well.com\/es\/wp-json\/wp\/v2\/media?parent=124025"}],"wp:term":[{"taxonomy":"product_brand","embeddable":true,"href":"https:\/\/www.mobile-well.com\/es\/wp-json\/wp\/v2\/product_brand?post=124025"},{"taxonomy":"product_cat","embeddable":true,"href":"https:\/\/www.mobile-well.com\/es\/wp-json\/wp\/v2\/product_cat?post=124025"},{"taxonomy":"product_tag","embeddable":true,"href":"https:\/\/www.mobile-well.com\/es\/wp-json\/wp\/v2\/product_tag?post=124025"}],"curies":[{"name":"wp","href":"https:\/\/api.w.org\/{rel}","templated":true}]}}