{"id":124057,"date":"2026-01-13T15:09:56","date_gmt":"2026-01-13T07:09:56","guid":{"rendered":"https:\/\/www.mobile-well.com\/?post_type=product&#038;p=124057"},"modified":"2026-01-13T15:09:59","modified_gmt":"2026-01-13T07:09:59","slug":"funda-para-telefono-con-diseno-de-mariposa-y-diamantes-a-precio-de-mayorista","status":"publish","type":"product","link":"https:\/\/www.mobile-well.com\/es\/producto\/funda-para-telefono-con-diseno-de-mariposa-y-diamantes-a-precio-de-mayorista\/","title":{"rendered":"Funda para tel\u00e9fono con dise\u00f1o de mariposa y diamantes a precio de mayorista"},"content":{"rendered":"","protected":false},"excerpt":{"rendered":"<ul>\n<li>N\u00famero de producto: P1205-A02<\/li>\n<li>Material: TPU + PC<\/li>\n<li>Proceso de fabricaci\u00f3n: Moldeo por inyecci\u00f3n + magn\u00e9tico<\/li>\n<li>Cantidad m\u00ednima de pedido: 50 unidades por color<\/li>\n<li>Peso neto del producto: 118,56 g<\/li>\n<\/ul>\n","protected":false},"featured_media":124060,"template":"","meta":[],"product_brand":[],"product_cat":[77],"product_tag":[10997,8316,10998],"class_list":{"0":"post-124057","1":"product","2":"type-product","3":"status-publish","4":"has-post-thumbnail","6":"product_cat-fundas","7":"product_tag-diseno-de-mariposa","8":"product_tag-funda-para-telefono","9":"product_tag-precio-de-mayorista","11":"first","12":"instock","13":"shipping-taxable","14":"product-type-simple"},"jetpack_sharing_enabled":true,"_links":{"self":[{"href":"https:\/\/www.mobile-well.com\/es\/wp-json\/wp\/v2\/product\/124057","targetHints":{"allow":["GET"]}}],"collection":[{"href":"https:\/\/www.mobile-well.com\/es\/wp-json\/wp\/v2\/product"}],"about":[{"href":"https:\/\/www.mobile-well.com\/es\/wp-json\/wp\/v2\/types\/product"}],"wp:featuredmedia":[{"embeddable":true,"href":"https:\/\/www.mobile-well.com\/es\/wp-json\/wp\/v2\/media\/124060"}],"wp:attachment":[{"href":"https:\/\/www.mobile-well.com\/es\/wp-json\/wp\/v2\/media?parent=124057"}],"wp:term":[{"taxonomy":"product_brand","embeddable":true,"href":"https:\/\/www.mobile-well.com\/es\/wp-json\/wp\/v2\/product_brand?post=124057"},{"taxonomy":"product_cat","embeddable":true,"href":"https:\/\/www.mobile-well.com\/es\/wp-json\/wp\/v2\/product_cat?post=124057"},{"taxonomy":"product_tag","embeddable":true,"href":"https:\/\/www.mobile-well.com\/es\/wp-json\/wp\/v2\/product_tag?post=124057"}],"curies":[{"name":"wp","href":"https:\/\/api.w.org\/{rel}","templated":true}]}}