{"id":124099,"date":"2026-01-13T16:09:33","date_gmt":"2026-01-13T08:09:33","guid":{"rendered":"https:\/\/www.mobile-well.com\/?post_type=product&#038;p=124099"},"modified":"2026-01-13T16:09:35","modified_gmt":"2026-01-13T08:09:35","slug":"venta-directa-de-fabrica-de-fundas-translucidas-para-telefonos-con-soportes-para-lentes","status":"publish","type":"product","link":"https:\/\/www.mobile-well.com\/es\/producto\/venta-directa-de-fabrica-de-fundas-translucidas-para-telefonos-con-soportes-para-lentes\/","title":{"rendered":"Venta directa de f\u00e1brica de fundas transl\u00facidas para tel\u00e9fonos con soportes para lentes."},"content":{"rendered":"","protected":false},"excerpt":{"rendered":"<ul>\n<li>N.\u00b0 de producto: P1205-A14<\/li>\n<li>Material: TPU + PC + soporte de aleaci\u00f3n de aluminio + bot\u00f3n met\u00e1lico<\/li>\n<li>Artesan\u00eda: Moldeo por inyecci\u00f3n + purpurina<\/li>\n<li>Peso neto del producto: 45,26 g<\/li>\n<\/ul>\n","protected":false},"featured_media":124102,"template":"","meta":[],"product_brand":[],"product_cat":[77],"product_tag":[11005,11006,10269],"class_list":{"0":"post-124099","1":"product","2":"type-product","3":"status-publish","4":"has-post-thumbnail","6":"product_cat-fundas","7":"product_tag-fundas-translucidas-para-telefonos","8":"product_tag-soportes-para-lentes","9":"product_tag-venta-directa-de-fabrica","11":"first","12":"instock","13":"shipping-taxable","14":"product-type-simple"},"jetpack_sharing_enabled":true,"_links":{"self":[{"href":"https:\/\/www.mobile-well.com\/es\/wp-json\/wp\/v2\/product\/124099","targetHints":{"allow":["GET"]}}],"collection":[{"href":"https:\/\/www.mobile-well.com\/es\/wp-json\/wp\/v2\/product"}],"about":[{"href":"https:\/\/www.mobile-well.com\/es\/wp-json\/wp\/v2\/types\/product"}],"wp:featuredmedia":[{"embeddable":true,"href":"https:\/\/www.mobile-well.com\/es\/wp-json\/wp\/v2\/media\/124102"}],"wp:attachment":[{"href":"https:\/\/www.mobile-well.com\/es\/wp-json\/wp\/v2\/media?parent=124099"}],"wp:term":[{"taxonomy":"product_brand","embeddable":true,"href":"https:\/\/www.mobile-well.com\/es\/wp-json\/wp\/v2\/product_brand?post=124099"},{"taxonomy":"product_cat","embeddable":true,"href":"https:\/\/www.mobile-well.com\/es\/wp-json\/wp\/v2\/product_cat?post=124099"},{"taxonomy":"product_tag","embeddable":true,"href":"https:\/\/www.mobile-well.com\/es\/wp-json\/wp\/v2\/product_tag?post=124099"}],"curies":[{"name":"wp","href":"https:\/\/api.w.org\/{rel}","templated":true}]}}