{"id":124105,"date":"2026-01-13T16:16:23","date_gmt":"2026-01-13T08:16:23","guid":{"rendered":"https:\/\/www.mobile-well.com\/?post_type=product&#038;p=124105"},"modified":"2026-01-13T16:16:25","modified_gmt":"2026-01-13T08:16:25","slug":"funda-magnetica-transparente-para-telefono-con-soporte-para-lente","status":"publish","type":"product","link":"https:\/\/www.mobile-well.com\/es\/producto\/funda-magnetica-transparente-para-telefono-con-soporte-para-lente\/","title":{"rendered":"Funda magn\u00e9tica transparente para tel\u00e9fono con soporte para lente"},"content":{"rendered":"","protected":false},"excerpt":{"rendered":"<ul>\n<li>N.\u00b0 de producto: P1205-A15<\/li>\n<li>Material: TPU + PC + soporte de aleaci\u00f3n de aluminio + bot\u00f3n met\u00e1lico<\/li>\n<li>Artesan\u00eda: Moldeo por inyecci\u00f3n + purpurina<\/li>\n<li>Peso neto del producto: 47,81 g<\/li>\n<\/ul>\n","protected":false},"featured_media":124108,"template":"","meta":[],"product_brand":[],"product_cat":[77],"product_tag":[10568],"class_list":{"0":"post-124105","1":"product","2":"type-product","3":"status-publish","4":"has-post-thumbnail","6":"product_cat-fundas","7":"product_tag-funda-magnetica-transparente","9":"first","10":"instock","11":"shipping-taxable","12":"product-type-simple"},"jetpack_sharing_enabled":true,"_links":{"self":[{"href":"https:\/\/www.mobile-well.com\/es\/wp-json\/wp\/v2\/product\/124105","targetHints":{"allow":["GET"]}}],"collection":[{"href":"https:\/\/www.mobile-well.com\/es\/wp-json\/wp\/v2\/product"}],"about":[{"href":"https:\/\/www.mobile-well.com\/es\/wp-json\/wp\/v2\/types\/product"}],"wp:featuredmedia":[{"embeddable":true,"href":"https:\/\/www.mobile-well.com\/es\/wp-json\/wp\/v2\/media\/124108"}],"wp:attachment":[{"href":"https:\/\/www.mobile-well.com\/es\/wp-json\/wp\/v2\/media?parent=124105"}],"wp:term":[{"taxonomy":"product_brand","embeddable":true,"href":"https:\/\/www.mobile-well.com\/es\/wp-json\/wp\/v2\/product_brand?post=124105"},{"taxonomy":"product_cat","embeddable":true,"href":"https:\/\/www.mobile-well.com\/es\/wp-json\/wp\/v2\/product_cat?post=124105"},{"taxonomy":"product_tag","embeddable":true,"href":"https:\/\/www.mobile-well.com\/es\/wp-json\/wp\/v2\/product_tag?post=124105"}],"curies":[{"name":"wp","href":"https:\/\/api.w.org\/{rel}","templated":true}]}}