{"id":124111,"date":"2026-01-13T16:29:12","date_gmt":"2026-01-13T08:29:12","guid":{"rendered":"https:\/\/www.mobile-well.com\/?post_type=product&#038;p=124111"},"modified":"2026-01-13T16:29:13","modified_gmt":"2026-01-13T08:29:13","slug":"funda-de-telefono-de-acrilico-de-20-mm-con-orificios-de-precision-y-anillo-magnetico","status":"publish","type":"product","link":"https:\/\/www.mobile-well.com\/es\/producto\/funda-de-telefono-de-acrilico-de-20-mm-con-orificios-de-precision-y-anillo-magnetico\/","title":{"rendered":"Funda de tel\u00e9fono de acr\u00edlico de 2,0 mm con orificios de precisi\u00f3n y anillo magn\u00e9tico."},"content":{"rendered":"","protected":false},"excerpt":{"rendered":"<ul>\n<li>N\u00famero de producto: P1205-A16<\/li>\n<li>Material: Acr\u00edlico<\/li>\n<li>Proceso de fabricaci\u00f3n: Moldeo por inyecci\u00f3n<\/li>\n<li>Peso neto del producto: 45,78 g<\/li>\n<\/ul>\n","protected":false},"featured_media":124114,"template":"","meta":[],"product_brand":[],"product_cat":[77],"product_tag":[11007],"class_list":{"0":"post-124111","1":"product","2":"type-product","3":"status-publish","4":"has-post-thumbnail","6":"product_cat-fundas","7":"product_tag-funda-de-telefono-de-acrilico","9":"first","10":"instock","11":"shipping-taxable","12":"product-type-simple"},"jetpack_sharing_enabled":true,"_links":{"self":[{"href":"https:\/\/www.mobile-well.com\/es\/wp-json\/wp\/v2\/product\/124111","targetHints":{"allow":["GET"]}}],"collection":[{"href":"https:\/\/www.mobile-well.com\/es\/wp-json\/wp\/v2\/product"}],"about":[{"href":"https:\/\/www.mobile-well.com\/es\/wp-json\/wp\/v2\/types\/product"}],"wp:featuredmedia":[{"embeddable":true,"href":"https:\/\/www.mobile-well.com\/es\/wp-json\/wp\/v2\/media\/124114"}],"wp:attachment":[{"href":"https:\/\/www.mobile-well.com\/es\/wp-json\/wp\/v2\/media?parent=124111"}],"wp:term":[{"taxonomy":"product_brand","embeddable":true,"href":"https:\/\/www.mobile-well.com\/es\/wp-json\/wp\/v2\/product_brand?post=124111"},{"taxonomy":"product_cat","embeddable":true,"href":"https:\/\/www.mobile-well.com\/es\/wp-json\/wp\/v2\/product_cat?post=124111"},{"taxonomy":"product_tag","embeddable":true,"href":"https:\/\/www.mobile-well.com\/es\/wp-json\/wp\/v2\/product_tag?post=124111"}],"curies":[{"name":"wp","href":"https:\/\/api.w.org\/{rel}","templated":true}]}}