{"id":124123,"date":"2026-01-13T16:43:27","date_gmt":"2026-01-13T08:43:27","guid":{"rendered":"https:\/\/www.mobile-well.com\/?post_type=product&#038;p=124123"},"modified":"2026-01-13T16:43:27","modified_gmt":"2026-01-13T08:43:27","slug":"funda-para-telefono-de-tpu-con-cobertura-total-incrustaciones-de-diamantes-y-soporte-metalico-para-la-lente","status":"publish","type":"product","link":"https:\/\/www.mobile-well.com\/es\/producto\/funda-para-telefono-de-tpu-con-cobertura-total-incrustaciones-de-diamantes-y-soporte-metalico-para-la-lente\/","title":{"rendered":"Funda para tel\u00e9fono de TPU con cobertura total, incrustaciones de diamantes y soporte met\u00e1lico para la lente."},"content":{"rendered":"","protected":false},"excerpt":{"rendered":"<ul>\n<li>N\u00famero de producto: P1205-A18<\/li>\n<li>Material: TPU + PC<\/li>\n<li>Proceso de fabricaci\u00f3n: Moldeo por inyecci\u00f3n + incrustaci\u00f3n de diamantes<\/li>\n<li>Peso neto del producto: 75,83 g<\/li>\n<\/ul>\n","protected":false},"featured_media":124127,"template":"","meta":[],"product_brand":[],"product_cat":[77],"product_tag":[7988,11010,11011],"class_list":{"0":"post-124123","1":"product","2":"type-product","3":"status-publish","4":"has-post-thumbnail","6":"product_cat-fundas","7":"product_tag-funda-para-telefono-de-tpu","8":"product_tag-incrustaciones-de-diamantes","9":"product_tag-soporte-metalico-para-la-lente","11":"first","12":"instock","13":"shipping-taxable","14":"product-type-simple"},"jetpack_sharing_enabled":true,"_links":{"self":[{"href":"https:\/\/www.mobile-well.com\/es\/wp-json\/wp\/v2\/product\/124123","targetHints":{"allow":["GET"]}}],"collection":[{"href":"https:\/\/www.mobile-well.com\/es\/wp-json\/wp\/v2\/product"}],"about":[{"href":"https:\/\/www.mobile-well.com\/es\/wp-json\/wp\/v2\/types\/product"}],"wp:featuredmedia":[{"embeddable":true,"href":"https:\/\/www.mobile-well.com\/es\/wp-json\/wp\/v2\/media\/124127"}],"wp:attachment":[{"href":"https:\/\/www.mobile-well.com\/es\/wp-json\/wp\/v2\/media?parent=124123"}],"wp:term":[{"taxonomy":"product_brand","embeddable":true,"href":"https:\/\/www.mobile-well.com\/es\/wp-json\/wp\/v2\/product_brand?post=124123"},{"taxonomy":"product_cat","embeddable":true,"href":"https:\/\/www.mobile-well.com\/es\/wp-json\/wp\/v2\/product_cat?post=124123"},{"taxonomy":"product_tag","embeddable":true,"href":"https:\/\/www.mobile-well.com\/es\/wp-json\/wp\/v2\/product_tag?post=124123"}],"curies":[{"name":"wp","href":"https:\/\/api.w.org\/{rel}","templated":true}]}}