{"id":124449,"date":"2026-01-24T16:06:20","date_gmt":"2026-01-24T08:06:20","guid":{"rendered":"https:\/\/www.mobile-well.com\/?post_type=product&#038;p=124449"},"modified":"2026-01-24T16:06:22","modified_gmt":"2026-01-24T08:06:22","slug":"funda-para-telefono-altamente-transparente-con-marco-metalico-y-soporte-magnetico-giratorio-de-360-grados","status":"publish","type":"product","link":"https:\/\/www.mobile-well.com\/es\/producto\/funda-para-telefono-altamente-transparente-con-marco-metalico-y-soporte-magnetico-giratorio-de-360-grados\/","title":{"rendered":"Funda para tel\u00e9fono altamente transparente con marco met\u00e1lico y soporte magn\u00e9tico giratorio de 360 \u200b\u200bgrados."},"content":{"rendered":"","protected":false},"excerpt":{"rendered":"<ul>\n<li>N\u00famero de producto: P1205-A03<\/li>\n<li>Material: TPU + PC<\/li>\n<li>Acabado: Magn\u00e9tico + Componentes met\u00e1licos<\/li>\n<li>Peso neto del producto: 120,91 g<\/li>\n<\/ul>\n","protected":false},"featured_media":124452,"template":"","meta":[],"product_brand":[],"product_cat":[77],"product_tag":[11046,11047,11048],"class_list":{"0":"post-124449","1":"product","2":"type-product","3":"status-publish","4":"has-post-thumbnail","6":"product_cat-fundas","7":"product_tag-funda-para-telefono-altamente","8":"product_tag-marco-metalico","9":"product_tag-soporte-magnetico-giratorio-de-360-grados","11":"first","12":"instock","13":"shipping-taxable","14":"product-type-simple"},"jetpack_sharing_enabled":true,"_links":{"self":[{"href":"https:\/\/www.mobile-well.com\/es\/wp-json\/wp\/v2\/product\/124449","targetHints":{"allow":["GET"]}}],"collection":[{"href":"https:\/\/www.mobile-well.com\/es\/wp-json\/wp\/v2\/product"}],"about":[{"href":"https:\/\/www.mobile-well.com\/es\/wp-json\/wp\/v2\/types\/product"}],"wp:featuredmedia":[{"embeddable":true,"href":"https:\/\/www.mobile-well.com\/es\/wp-json\/wp\/v2\/media\/124452"}],"wp:attachment":[{"href":"https:\/\/www.mobile-well.com\/es\/wp-json\/wp\/v2\/media?parent=124449"}],"wp:term":[{"taxonomy":"product_brand","embeddable":true,"href":"https:\/\/www.mobile-well.com\/es\/wp-json\/wp\/v2\/product_brand?post=124449"},{"taxonomy":"product_cat","embeddable":true,"href":"https:\/\/www.mobile-well.com\/es\/wp-json\/wp\/v2\/product_cat?post=124449"},{"taxonomy":"product_tag","embeddable":true,"href":"https:\/\/www.mobile-well.com\/es\/wp-json\/wp\/v2\/product_tag?post=124449"}],"curies":[{"name":"wp","href":"https:\/\/api.w.org\/{rel}","templated":true}]}}