{"id":124454,"date":"2026-01-24T16:10:27","date_gmt":"2026-01-24T08:10:27","guid":{"rendered":"https:\/\/www.mobile-well.com\/?post_type=product&#038;p=124454"},"modified":"2026-01-24T16:10:35","modified_gmt":"2026-01-24T08:10:35","slug":"funda-para-telefono-magnetica-extraible-3-en-1-con-tinte-semitransparente-y-soporte-para-camara","status":"publish","type":"product","link":"https:\/\/www.mobile-well.com\/es\/producto\/funda-para-telefono-magnetica-extraible-3-en-1-con-tinte-semitransparente-y-soporte-para-camara\/","title":{"rendered":"Funda para tel\u00e9fono magn\u00e9tica extra\u00edble 3 en 1 con tinte semitransparente y soporte para c\u00e1mara."},"content":{"rendered":"","protected":false},"excerpt":{"rendered":"<ul>\n<li>N\u00famero de producto: P1205-A04<\/li>\n<li>Material: TPU + PC<\/li>\n<li>Proceso de fabricaci\u00f3n: Te\u00f1ido<\/li>\n<li>Peso neto del producto: 89,05 g<\/li>\n<\/ul>\n","protected":false},"featured_media":124457,"template":"","meta":[],"product_brand":[],"product_cat":[77],"product_tag":[11049,11050],"class_list":{"0":"post-124454","1":"product","2":"type-product","3":"status-publish","4":"has-post-thumbnail","6":"product_cat-fundas","7":"product_tag-funda-para-telefono-magnetica-extraible","8":"product_tag-soporte-para-camara","10":"first","11":"instock","12":"shipping-taxable","13":"product-type-simple"},"jetpack_sharing_enabled":true,"_links":{"self":[{"href":"https:\/\/www.mobile-well.com\/es\/wp-json\/wp\/v2\/product\/124454","targetHints":{"allow":["GET"]}}],"collection":[{"href":"https:\/\/www.mobile-well.com\/es\/wp-json\/wp\/v2\/product"}],"about":[{"href":"https:\/\/www.mobile-well.com\/es\/wp-json\/wp\/v2\/types\/product"}],"wp:featuredmedia":[{"embeddable":true,"href":"https:\/\/www.mobile-well.com\/es\/wp-json\/wp\/v2\/media\/124457"}],"wp:attachment":[{"href":"https:\/\/www.mobile-well.com\/es\/wp-json\/wp\/v2\/media?parent=124454"}],"wp:term":[{"taxonomy":"product_brand","embeddable":true,"href":"https:\/\/www.mobile-well.com\/es\/wp-json\/wp\/v2\/product_brand?post=124454"},{"taxonomy":"product_cat","embeddable":true,"href":"https:\/\/www.mobile-well.com\/es\/wp-json\/wp\/v2\/product_cat?post=124454"},{"taxonomy":"product_tag","embeddable":true,"href":"https:\/\/www.mobile-well.com\/es\/wp-json\/wp\/v2\/product_tag?post=124454"}],"curies":[{"name":"wp","href":"https:\/\/api.w.org\/{rel}","templated":true}]}}