{"id":124460,"date":"2026-01-24T16:14:38","date_gmt":"2026-01-24T08:14:38","guid":{"rendered":"https:\/\/www.mobile-well.com\/?post_type=product&#038;p=124460"},"modified":"2026-01-24T16:15:14","modified_gmt":"2026-01-24T08:15:14","slug":"funda-para-telefono-3-en-1-semitransparente-mate-y-extraible-con-anillo-magnetico-y-soporte-para-camara","status":"publish","type":"product","link":"https:\/\/www.mobile-well.com\/es\/producto\/funda-para-telefono-3-en-1-semitransparente-mate-y-extraible-con-anillo-magnetico-y-soporte-para-camara\/","title":{"rendered":"Funda para tel\u00e9fono 3 en 1 semitransparente mate y extra\u00edble con anillo magn\u00e9tico y soporte para c\u00e1mara."},"content":{"rendered":"","protected":false},"excerpt":{"rendered":"<ul>\n<li>N\u00famero de producto: P1205-A05<\/li>\n<li>Material: TPU + PC<\/li>\n<li>Acabado: 3 en 1 + Recubrimiento de aceite + Componentes met\u00e1licos<\/li>\n<li>Peso neto del producto: 81,19 g<\/li>\n<\/ul>\n","protected":false},"featured_media":124463,"template":"","meta":[],"product_brand":[],"product_cat":[77],"product_tag":[11052,10341,11051,11050],"class_list":{"0":"post-124460","1":"product","2":"type-product","3":"status-publish","4":"has-post-thumbnail","6":"product_cat-fundas","7":"product_tag-extraible-con-anillo-magnetico","8":"product_tag-funda-para-telefono-3-en-1","9":"product_tag-semitransparente-mate","10":"product_tag-soporte-para-camara","12":"first","13":"instock","14":"shipping-taxable","15":"product-type-simple"},"jetpack_sharing_enabled":true,"_links":{"self":[{"href":"https:\/\/www.mobile-well.com\/es\/wp-json\/wp\/v2\/product\/124460","targetHints":{"allow":["GET"]}}],"collection":[{"href":"https:\/\/www.mobile-well.com\/es\/wp-json\/wp\/v2\/product"}],"about":[{"href":"https:\/\/www.mobile-well.com\/es\/wp-json\/wp\/v2\/types\/product"}],"wp:featuredmedia":[{"embeddable":true,"href":"https:\/\/www.mobile-well.com\/es\/wp-json\/wp\/v2\/media\/124463"}],"wp:attachment":[{"href":"https:\/\/www.mobile-well.com\/es\/wp-json\/wp\/v2\/media?parent=124460"}],"wp:term":[{"taxonomy":"product_brand","embeddable":true,"href":"https:\/\/www.mobile-well.com\/es\/wp-json\/wp\/v2\/product_brand?post=124460"},{"taxonomy":"product_cat","embeddable":true,"href":"https:\/\/www.mobile-well.com\/es\/wp-json\/wp\/v2\/product_cat?post=124460"},{"taxonomy":"product_tag","embeddable":true,"href":"https:\/\/www.mobile-well.com\/es\/wp-json\/wp\/v2\/product_tag?post=124460"}],"curies":[{"name":"wp","href":"https:\/\/api.w.org\/{rel}","templated":true}]}}