{"id":124532,"date":"2026-02-08T10:29:36","date_gmt":"2026-02-08T02:29:36","guid":{"rendered":"https:\/\/www.mobile-well.com\/?post_type=product&#038;p=124532"},"modified":"2026-02-08T10:29:36","modified_gmt":"2026-02-08T02:29:36","slug":"soporte-magnetico-con-ventosa-para-telefono-movil","status":"publish","type":"product","link":"https:\/\/www.mobile-well.com\/es\/producto\/soporte-magnetico-con-ventosa-para-telefono-movil\/","title":{"rendered":"Soporte magn\u00e9tico con ventosa para tel\u00e9fono m\u00f3vil"},"content":{"rendered":"","protected":false},"excerpt":{"rendered":"<ul>\n<li>N\u00famero de producto: M11<\/li>\n<li>Material: ABS + PC + TPU + Aleaci\u00f3n de zinc<\/li>\n<li>Tama\u00f1o del producto: 6*6*2,1 cm<\/li>\n<li>Peso neto del producto: 104 g\/146 g<\/li>\n<li>Tama\u00f1o de la caja: 8,4*8,4*3,5 cm<\/li>\n<\/ul>\n","protected":false},"featured_media":124533,"template":"","meta":[],"product_brand":[],"product_cat":[11063],"product_tag":[11065],"class_list":{"0":"post-124532","1":"product","2":"type-product","3":"status-publish","4":"has-post-thumbnail","6":"product_cat-soporte-para-telefono","7":"product_tag-soporte-magnetico-con-ventosa","9":"first","10":"instock","11":"shipping-taxable","12":"product-type-simple"},"jetpack_sharing_enabled":true,"_links":{"self":[{"href":"https:\/\/www.mobile-well.com\/es\/wp-json\/wp\/v2\/product\/124532","targetHints":{"allow":["GET"]}}],"collection":[{"href":"https:\/\/www.mobile-well.com\/es\/wp-json\/wp\/v2\/product"}],"about":[{"href":"https:\/\/www.mobile-well.com\/es\/wp-json\/wp\/v2\/types\/product"}],"wp:featuredmedia":[{"embeddable":true,"href":"https:\/\/www.mobile-well.com\/es\/wp-json\/wp\/v2\/media\/124533"}],"wp:attachment":[{"href":"https:\/\/www.mobile-well.com\/es\/wp-json\/wp\/v2\/media?parent=124532"}],"wp:term":[{"taxonomy":"product_brand","embeddable":true,"href":"https:\/\/www.mobile-well.com\/es\/wp-json\/wp\/v2\/product_brand?post=124532"},{"taxonomy":"product_cat","embeddable":true,"href":"https:\/\/www.mobile-well.com\/es\/wp-json\/wp\/v2\/product_cat?post=124532"},{"taxonomy":"product_tag","embeddable":true,"href":"https:\/\/www.mobile-well.com\/es\/wp-json\/wp\/v2\/product_tag?post=124532"}],"curies":[{"name":"wp","href":"https:\/\/api.w.org\/{rel}","templated":true}]}}