{"id":124546,"date":"2026-02-08T10:56:22","date_gmt":"2026-02-08T02:56:22","guid":{"rendered":"https:\/\/www.mobile-well.com\/?post_type=product&#038;p=124546"},"modified":"2026-02-08T10:56:23","modified_gmt":"2026-02-08T02:56:23","slug":"soporte-magnetico-para-telefono-con-vacio-de-alta-calidad","status":"publish","type":"product","link":"https:\/\/www.mobile-well.com\/es\/producto\/soporte-magnetico-para-telefono-con-vacio-de-alta-calidad\/","title":{"rendered":"Soporte magn\u00e9tico para tel\u00e9fono con vac\u00edo de alta calidad"},"content":{"rendered":"","protected":false},"excerpt":{"rendered":"<ul>\n<li>N.\u00b0 de producto: K19<\/li>\n<li>Material: ABS + aleaci\u00f3n de zinc<\/li>\n<li>Peso neto del producto: 158 g<\/li>\n<li>Tama\u00f1o de la caja: 8,5 x 8,5 x 4,5 cm<\/li>\n<\/ul>\n","protected":false},"featured_media":124551,"template":"","meta":[],"product_brand":[],"product_cat":[11063],"product_tag":[11066],"class_list":{"0":"post-124546","1":"product","2":"type-product","3":"status-publish","4":"has-post-thumbnail","6":"product_cat-soporte-para-telefono","7":"product_tag-soporte-magnetico-para-telefono","9":"first","10":"instock","11":"shipping-taxable","12":"product-type-simple"},"jetpack_sharing_enabled":true,"_links":{"self":[{"href":"https:\/\/www.mobile-well.com\/es\/wp-json\/wp\/v2\/product\/124546","targetHints":{"allow":["GET"]}}],"collection":[{"href":"https:\/\/www.mobile-well.com\/es\/wp-json\/wp\/v2\/product"}],"about":[{"href":"https:\/\/www.mobile-well.com\/es\/wp-json\/wp\/v2\/types\/product"}],"wp:featuredmedia":[{"embeddable":true,"href":"https:\/\/www.mobile-well.com\/es\/wp-json\/wp\/v2\/media\/124551"}],"wp:attachment":[{"href":"https:\/\/www.mobile-well.com\/es\/wp-json\/wp\/v2\/media?parent=124546"}],"wp:term":[{"taxonomy":"product_brand","embeddable":true,"href":"https:\/\/www.mobile-well.com\/es\/wp-json\/wp\/v2\/product_brand?post=124546"},{"taxonomy":"product_cat","embeddable":true,"href":"https:\/\/www.mobile-well.com\/es\/wp-json\/wp\/v2\/product_cat?post=124546"},{"taxonomy":"product_tag","embeddable":true,"href":"https:\/\/www.mobile-well.com\/es\/wp-json\/wp\/v2\/product_tag?post=124546"}],"curies":[{"name":"wp","href":"https:\/\/api.w.org\/{rel}","templated":true}]}}