{"id":124555,"date":"2026-02-08T11:05:40","date_gmt":"2026-02-08T03:05:40","guid":{"rendered":"https:\/\/www.mobile-well.com\/?post_type=product&#038;p=124555"},"modified":"2026-02-08T11:05:41","modified_gmt":"2026-02-08T03:05:41","slug":"venta-directa-de-fabrica-de-soportes-magneticos-para-telefonos-al-vacio","status":"publish","type":"product","link":"https:\/\/www.mobile-well.com\/es\/producto\/venta-directa-de-fabrica-de-soportes-magneticos-para-telefonos-al-vacio\/","title":{"rendered":"Venta directa de f\u00e1brica de soportes magn\u00e9ticos para tel\u00e9fonos al vac\u00edo."},"content":{"rendered":"","protected":false},"excerpt":{"rendered":"<ul>\n<li>N.\u00b0 de producto: K10<\/li>\n<li>Material: Construcci\u00f3n totalmente met\u00e1lica<\/li>\n<li>Peso neto del producto: 215 g<\/li>\n<li>Tama\u00f1o de la caja: 8,7 x 8,7 x 4,4 cm<\/li>\n<\/ul>\n","protected":false},"featured_media":124562,"template":"","meta":[],"product_brand":[],"product_cat":[11063],"product_tag":[11067,10269],"class_list":{"0":"post-124555","1":"product","2":"type-product","3":"status-publish","4":"has-post-thumbnail","6":"product_cat-soporte-para-telefono","7":"product_tag-soportes-magneticos-para-telefonos","8":"product_tag-venta-directa-de-fabrica","10":"first","11":"instock","12":"shipping-taxable","13":"product-type-simple"},"jetpack_sharing_enabled":true,"_links":{"self":[{"href":"https:\/\/www.mobile-well.com\/es\/wp-json\/wp\/v2\/product\/124555","targetHints":{"allow":["GET"]}}],"collection":[{"href":"https:\/\/www.mobile-well.com\/es\/wp-json\/wp\/v2\/product"}],"about":[{"href":"https:\/\/www.mobile-well.com\/es\/wp-json\/wp\/v2\/types\/product"}],"wp:featuredmedia":[{"embeddable":true,"href":"https:\/\/www.mobile-well.com\/es\/wp-json\/wp\/v2\/media\/124562"}],"wp:attachment":[{"href":"https:\/\/www.mobile-well.com\/es\/wp-json\/wp\/v2\/media?parent=124555"}],"wp:term":[{"taxonomy":"product_brand","embeddable":true,"href":"https:\/\/www.mobile-well.com\/es\/wp-json\/wp\/v2\/product_brand?post=124555"},{"taxonomy":"product_cat","embeddable":true,"href":"https:\/\/www.mobile-well.com\/es\/wp-json\/wp\/v2\/product_cat?post=124555"},{"taxonomy":"product_tag","embeddable":true,"href":"https:\/\/www.mobile-well.com\/es\/wp-json\/wp\/v2\/product_tag?post=124555"}],"curies":[{"name":"wp","href":"https:\/\/api.w.org\/{rel}","templated":true}]}}