{"id":124563,"date":"2026-02-08T11:12:00","date_gmt":"2026-02-08T03:12:00","guid":{"rendered":"https:\/\/www.mobile-well.com\/?post_type=product&#038;p=124563"},"modified":"2026-02-08T11:12:01","modified_gmt":"2026-02-08T03:12:01","slug":"soporte-magnetico-con-ventosa-y-carga-inalambrica-para-telefono-movil","status":"publish","type":"product","link":"https:\/\/www.mobile-well.com\/es\/producto\/soporte-magnetico-con-ventosa-y-carga-inalambrica-para-telefono-movil\/","title":{"rendered":"Soporte magn\u00e9tico con ventosa y carga inal\u00e1mbrica para tel\u00e9fono m\u00f3vil"},"content":{"rendered":"","protected":false},"excerpt":{"rendered":"<ul>\n<li>N\u00famero de producto: K8<\/li>\n<li>Material: PC + TPU + Aleaci\u00f3n de zinc<\/li>\n<li>Tama\u00f1o del producto: 6*6*2,3 cm<\/li>\n<li>Tama\u00f1o de la caja: 8,2*8,2*3,3 cm<\/li>\n<\/ul>\n","protected":false},"featured_media":124569,"template":"","meta":[],"product_brand":[],"product_cat":[541],"product_tag":[11068],"class_list":{"0":"post-124563","1":"product","2":"type-product","3":"status-publish","4":"has-post-thumbnail","6":"product_cat-cargadores-inalambricos","7":"product_tag-carga-inalambrica-para-telefono-movil","9":"first","10":"instock","11":"shipping-taxable","12":"product-type-simple"},"jetpack_sharing_enabled":true,"_links":{"self":[{"href":"https:\/\/www.mobile-well.com\/es\/wp-json\/wp\/v2\/product\/124563","targetHints":{"allow":["GET"]}}],"collection":[{"href":"https:\/\/www.mobile-well.com\/es\/wp-json\/wp\/v2\/product"}],"about":[{"href":"https:\/\/www.mobile-well.com\/es\/wp-json\/wp\/v2\/types\/product"}],"wp:featuredmedia":[{"embeddable":true,"href":"https:\/\/www.mobile-well.com\/es\/wp-json\/wp\/v2\/media\/124569"}],"wp:attachment":[{"href":"https:\/\/www.mobile-well.com\/es\/wp-json\/wp\/v2\/media?parent=124563"}],"wp:term":[{"taxonomy":"product_brand","embeddable":true,"href":"https:\/\/www.mobile-well.com\/es\/wp-json\/wp\/v2\/product_brand?post=124563"},{"taxonomy":"product_cat","embeddable":true,"href":"https:\/\/www.mobile-well.com\/es\/wp-json\/wp\/v2\/product_cat?post=124563"},{"taxonomy":"product_tag","embeddable":true,"href":"https:\/\/www.mobile-well.com\/es\/wp-json\/wp\/v2\/product_tag?post=124563"}],"curies":[{"name":"wp","href":"https:\/\/api.w.org\/{rel}","templated":true}]}}