{"id":124570,"date":"2026-02-08T11:33:09","date_gmt":"2026-02-08T03:33:09","guid":{"rendered":"https:\/\/www.mobile-well.com\/?post_type=product&#038;p=124570"},"modified":"2026-02-08T11:33:10","modified_gmt":"2026-02-08T03:33:10","slug":"soporte-magnetico-con-ventosa-para-telefono-movil-3","status":"publish","type":"product","link":"https:\/\/www.mobile-well.com\/es\/producto\/soporte-magnetico-con-ventosa-para-telefono-movil-3\/","title":{"rendered":"Soporte magn\u00e9tico con ventosa para tel\u00e9fono m\u00f3vil"},"content":{"rendered":"","protected":false},"excerpt":{"rendered":"<ul>\n<li>N\u00famero de producto: S257+S288<\/li>\n<li>Material: PC+ABS<\/li>\n<\/ul>\n","protected":false},"featured_media":124574,"template":"","meta":[],"product_brand":[],"product_cat":[11063],"product_tag":[11066],"class_list":{"0":"post-124570","1":"product","2":"type-product","3":"status-publish","4":"has-post-thumbnail","6":"product_cat-soporte-para-telefono","7":"product_tag-soporte-magnetico-para-telefono","9":"first","10":"instock","11":"shipping-taxable","12":"product-type-simple"},"jetpack_sharing_enabled":true,"_links":{"self":[{"href":"https:\/\/www.mobile-well.com\/es\/wp-json\/wp\/v2\/product\/124570","targetHints":{"allow":["GET"]}}],"collection":[{"href":"https:\/\/www.mobile-well.com\/es\/wp-json\/wp\/v2\/product"}],"about":[{"href":"https:\/\/www.mobile-well.com\/es\/wp-json\/wp\/v2\/types\/product"}],"wp:featuredmedia":[{"embeddable":true,"href":"https:\/\/www.mobile-well.com\/es\/wp-json\/wp\/v2\/media\/124574"}],"wp:attachment":[{"href":"https:\/\/www.mobile-well.com\/es\/wp-json\/wp\/v2\/media?parent=124570"}],"wp:term":[{"taxonomy":"product_brand","embeddable":true,"href":"https:\/\/www.mobile-well.com\/es\/wp-json\/wp\/v2\/product_brand?post=124570"},{"taxonomy":"product_cat","embeddable":true,"href":"https:\/\/www.mobile-well.com\/es\/wp-json\/wp\/v2\/product_cat?post=124570"},{"taxonomy":"product_tag","embeddable":true,"href":"https:\/\/www.mobile-well.com\/es\/wp-json\/wp\/v2\/product_tag?post=124570"}],"curies":[{"name":"wp","href":"https:\/\/api.w.org\/{rel}","templated":true}]}}