{"id":124584,"date":"2026-02-08T11:53:09","date_gmt":"2026-02-08T03:53:09","guid":{"rendered":"https:\/\/www.mobile-well.com\/?post_type=product&#038;p=124584"},"modified":"2026-02-08T11:53:11","modified_gmt":"2026-02-08T03:53:11","slug":"auriculares-bluetooth-mas-vendidos-adecuados-para-telefonos-moviles-tabletas-y-portatiles","status":"publish","type":"product","link":"https:\/\/www.mobile-well.com\/es\/producto\/auriculares-bluetooth-mas-vendidos-adecuados-para-telefonos-moviles-tabletas-y-portatiles\/","title":{"rendered":"Auriculares Bluetooth m\u00e1s vendidos, adecuados para tel\u00e9fonos m\u00f3viles, tabletas y port\u00e1tiles."},"content":{"rendered":"","protected":false},"excerpt":{"rendered":"<ul>\n<li>N\u00famero de producto: M156<\/li>\n<li>Peso neto: 46 g<\/li>\n<li>Tama\u00f1o del producto: 6,5*4,8*3 cm<\/li>\n<li>Tama\u00f1o de la caja: 9,3*11,5*3,7 cm<\/li>\n<\/ul>\n","protected":false},"featured_media":124590,"template":"","meta":[],"product_brand":[],"product_cat":[275],"product_tag":[11069],"class_list":{"0":"post-124584","1":"product","2":"type-product","3":"status-publish","4":"has-post-thumbnail","6":"product_cat-audifonos","7":"product_tag-auriculares-bluetooth-mas-vendidos","9":"first","10":"instock","11":"shipping-taxable","12":"product-type-simple"},"jetpack_sharing_enabled":true,"_links":{"self":[{"href":"https:\/\/www.mobile-well.com\/es\/wp-json\/wp\/v2\/product\/124584","targetHints":{"allow":["GET"]}}],"collection":[{"href":"https:\/\/www.mobile-well.com\/es\/wp-json\/wp\/v2\/product"}],"about":[{"href":"https:\/\/www.mobile-well.com\/es\/wp-json\/wp\/v2\/types\/product"}],"wp:featuredmedia":[{"embeddable":true,"href":"https:\/\/www.mobile-well.com\/es\/wp-json\/wp\/v2\/media\/124590"}],"wp:attachment":[{"href":"https:\/\/www.mobile-well.com\/es\/wp-json\/wp\/v2\/media?parent=124584"}],"wp:term":[{"taxonomy":"product_brand","embeddable":true,"href":"https:\/\/www.mobile-well.com\/es\/wp-json\/wp\/v2\/product_brand?post=124584"},{"taxonomy":"product_cat","embeddable":true,"href":"https:\/\/www.mobile-well.com\/es\/wp-json\/wp\/v2\/product_cat?post=124584"},{"taxonomy":"product_tag","embeddable":true,"href":"https:\/\/www.mobile-well.com\/es\/wp-json\/wp\/v2\/product_tag?post=124584"}],"curies":[{"name":"wp","href":"https:\/\/api.w.org\/{rel}","templated":true}]}}