{"id":124609,"date":"2026-02-08T14:05:47","date_gmt":"2026-02-08T06:05:47","guid":{"rendered":"https:\/\/www.mobile-well.com\/?post_type=product&#038;p=124609"},"modified":"2026-02-08T14:06:13","modified_gmt":"2026-02-08T06:06:13","slug":"cable-de-datos-de-carga-super-rapida-de-240-w-para-telefono-movil-tableta-portatil","status":"publish","type":"product","link":"https:\/\/www.mobile-well.com\/es\/producto\/cable-de-datos-de-carga-super-rapida-de-240-w-para-telefono-movil-tableta-portatil\/","title":{"rendered":"Cable de datos de carga s\u00faper r\u00e1pida de 240 W para tel\u00e9fono m\u00f3vil\/tableta\/port\u00e1til."},"content":{"rendered":"","protected":false},"excerpt":{"rendered":"<ul>\n<li>Material: Aleaci\u00f3n de zinc + tejido<\/li>\n<li>Color: Negro<\/li>\n<\/ul>\n","protected":false},"featured_media":124613,"template":"","meta":[],"product_brand":[],"product_cat":[79],"product_tag":[1024,11071],"class_list":{"0":"post-124609","1":"product","2":"type-product","3":"status-publish","4":"has-post-thumbnail","6":"product_cat-cables","7":"product_tag-cable-de-datos-2","8":"product_tag-carga-super-rapida-de-240-w","10":"first","11":"instock","12":"shipping-taxable","13":"product-type-simple"},"jetpack_sharing_enabled":true,"_links":{"self":[{"href":"https:\/\/www.mobile-well.com\/es\/wp-json\/wp\/v2\/product\/124609","targetHints":{"allow":["GET"]}}],"collection":[{"href":"https:\/\/www.mobile-well.com\/es\/wp-json\/wp\/v2\/product"}],"about":[{"href":"https:\/\/www.mobile-well.com\/es\/wp-json\/wp\/v2\/types\/product"}],"wp:featuredmedia":[{"embeddable":true,"href":"https:\/\/www.mobile-well.com\/es\/wp-json\/wp\/v2\/media\/124613"}],"wp:attachment":[{"href":"https:\/\/www.mobile-well.com\/es\/wp-json\/wp\/v2\/media?parent=124609"}],"wp:term":[{"taxonomy":"product_brand","embeddable":true,"href":"https:\/\/www.mobile-well.com\/es\/wp-json\/wp\/v2\/product_brand?post=124609"},{"taxonomy":"product_cat","embeddable":true,"href":"https:\/\/www.mobile-well.com\/es\/wp-json\/wp\/v2\/product_cat?post=124609"},{"taxonomy":"product_tag","embeddable":true,"href":"https:\/\/www.mobile-well.com\/es\/wp-json\/wp\/v2\/product_tag?post=124609"}],"curies":[{"name":"wp","href":"https:\/\/api.w.org\/{rel}","templated":true}]}}