{"id":124678,"date":"2026-04-27T15:24:21","date_gmt":"2026-04-27T07:24:21","guid":{"rendered":"https:\/\/www.mobile-well.com\/?post_type=product&#038;p=124678"},"modified":"2026-04-27T15:24:37","modified_gmt":"2026-04-27T07:24:37","slug":"funda-rigida-multicolor-para-telefono-estilo-mecha-de-tpu-y-pc-con-soporte-de-anillo-y-anillo-magnetico","status":"publish","type":"product","link":"https:\/\/www.mobile-well.com\/es\/producto\/funda-rigida-multicolor-para-telefono-estilo-mecha-de-tpu-y-pc-con-soporte-de-anillo-y-anillo-magnetico\/","title":{"rendered":"Funda r\u00edgida multicolor para tel\u00e9fono, estilo mecha, de TPU y PC, con soporte de anillo y anillo magn\u00e9tico."},"content":{"rendered":"","protected":false},"excerpt":{"rendered":"<ul>\n<li>N.\u00ba de producto: PA03<\/li>\n<li>Material: PC + TPU<\/li>\n<li>Acabado: Tacto piel<\/li>\n<li>MOQ: 30 unidades\/modelo, 30 unidades\/color<\/li>\n<li>Peso neto del producto: 81,80 g<\/li>\n<\/ul>\n","protected":false},"featured_media":124681,"template":"","meta":[],"product_brand":[],"product_cat":[77],"product_tag":[11077,11079,11078,11080,10440],"class_list":{"0":"post-124678","1":"product","2":"type-product","3":"status-publish","4":"has-post-thumbnail","6":"product_cat-fundas","7":"product_tag-anillo-magnetico","8":"product_tag-estilo-mecha","9":"product_tag-funda-rigida-multicolor-para-telefono","10":"product_tag-soporte-de-anillo","11":"product_tag-tpu-y-pc","13":"first","14":"instock","15":"shipping-taxable","16":"product-type-simple"},"jetpack_sharing_enabled":true,"_links":{"self":[{"href":"https:\/\/www.mobile-well.com\/es\/wp-json\/wp\/v2\/product\/124678","targetHints":{"allow":["GET"]}}],"collection":[{"href":"https:\/\/www.mobile-well.com\/es\/wp-json\/wp\/v2\/product"}],"about":[{"href":"https:\/\/www.mobile-well.com\/es\/wp-json\/wp\/v2\/types\/product"}],"wp:featuredmedia":[{"embeddable":true,"href":"https:\/\/www.mobile-well.com\/es\/wp-json\/wp\/v2\/media\/124681"}],"wp:attachment":[{"href":"https:\/\/www.mobile-well.com\/es\/wp-json\/wp\/v2\/media?parent=124678"}],"wp:term":[{"taxonomy":"product_brand","embeddable":true,"href":"https:\/\/www.mobile-well.com\/es\/wp-json\/wp\/v2\/product_brand?post=124678"},{"taxonomy":"product_cat","embeddable":true,"href":"https:\/\/www.mobile-well.com\/es\/wp-json\/wp\/v2\/product_cat?post=124678"},{"taxonomy":"product_tag","embeddable":true,"href":"https:\/\/www.mobile-well.com\/es\/wp-json\/wp\/v2\/product_tag?post=124678"}],"curies":[{"name":"wp","href":"https:\/\/api.w.org\/{rel}","templated":true}]}}