{"id":124684,"date":"2026-04-27T15:37:16","date_gmt":"2026-04-27T07:37:16","guid":{"rendered":"https:\/\/www.mobile-well.com\/?post_type=product&#038;p=124684"},"modified":"2026-04-27T15:37:29","modified_gmt":"2026-04-27T07:37:29","slug":"funda-rigida-para-telefono-de-tpupc-estilo-mecha-con-soporte-de-anillo-magnetico-y-patron-de-cd","status":"publish","type":"product","link":"https:\/\/www.mobile-well.com\/es\/producto\/funda-rigida-para-telefono-de-tpupc-estilo-mecha-con-soporte-de-anillo-magnetico-y-patron-de-cd\/","title":{"rendered":"Funda r\u00edgida para tel\u00e9fono de TPU+PC estilo mecha, con soporte de anillo magn\u00e9tico y patr\u00f3n de CD"},"content":{"rendered":"","protected":false},"excerpt":{"rendered":"<ul>\n<li>N.\u00ba de producto: PA04<\/li>\n<li>Material: PC + TPU<\/li>\n<li>Acabado: Tacto piel<\/li>\n<li>MOQ: 30 unidades\/modelo, 30 unidades\/color<\/li>\n<li>Peso neto del producto: 77,00 g<\/li>\n<\/ul>\n","protected":false},"featured_media":124690,"template":"","meta":[],"product_brand":[],"product_cat":[77],"product_tag":[11081,11083,11082],"class_list":{"0":"post-124684","1":"product","2":"type-product","3":"status-publish","4":"has-post-thumbnail","6":"product_cat-fundas","7":"product_tag-funda-rigida-para-telefono","8":"product_tag-soporte-de-anillo-magnetico","9":"product_tag-tpupc-estilo-mecha","11":"first","12":"instock","13":"shipping-taxable","14":"product-type-simple"},"jetpack_sharing_enabled":true,"_links":{"self":[{"href":"https:\/\/www.mobile-well.com\/es\/wp-json\/wp\/v2\/product\/124684","targetHints":{"allow":["GET"]}}],"collection":[{"href":"https:\/\/www.mobile-well.com\/es\/wp-json\/wp\/v2\/product"}],"about":[{"href":"https:\/\/www.mobile-well.com\/es\/wp-json\/wp\/v2\/types\/product"}],"wp:featuredmedia":[{"embeddable":true,"href":"https:\/\/www.mobile-well.com\/es\/wp-json\/wp\/v2\/media\/124690"}],"wp:attachment":[{"href":"https:\/\/www.mobile-well.com\/es\/wp-json\/wp\/v2\/media?parent=124684"}],"wp:term":[{"taxonomy":"product_brand","embeddable":true,"href":"https:\/\/www.mobile-well.com\/es\/wp-json\/wp\/v2\/product_brand?post=124684"},{"taxonomy":"product_cat","embeddable":true,"href":"https:\/\/www.mobile-well.com\/es\/wp-json\/wp\/v2\/product_cat?post=124684"},{"taxonomy":"product_tag","embeddable":true,"href":"https:\/\/www.mobile-well.com\/es\/wp-json\/wp\/v2\/product_tag?post=124684"}],"curies":[{"name":"wp","href":"https:\/\/api.w.org\/{rel}","templated":true}]}}