{"id":124728,"date":"2026-04-27T16:20:31","date_gmt":"2026-04-27T08:20:31","guid":{"rendered":"https:\/\/www.mobile-well.com\/?post_type=product&#038;p=124728"},"modified":"2026-04-27T16:20:32","modified_gmt":"2026-04-27T08:20:32","slug":"funda-para-telefono-con-acabado-texturizado-y-diseno-de-proteccion-en-las-esquinas-que-incorpora-un-anillo-magnetico","status":"publish","type":"product","link":"https:\/\/www.mobile-well.com\/es\/producto\/funda-para-telefono-con-acabado-texturizado-y-diseno-de-proteccion-en-las-esquinas-que-incorpora-un-anillo-magnetico\/","title":{"rendered":"Funda para tel\u00e9fono con acabado texturizado y dise\u00f1o de protecci\u00f3n en las esquinas, que incorpora un anillo magn\u00e9tico."},"content":{"rendered":"","protected":false},"excerpt":{"rendered":"<ul>\n<li>N.\u00ba de producto: PA13<\/li>\n<li>Material: PC + TPU<\/li>\n<li>Acabado: Aceite con textura suave + Magn\u00e9tico<\/li>\n<li>Peso neto: 55,20 g<\/li>\n<\/ul>\n","protected":false},"featured_media":124734,"template":"","meta":[],"product_brand":[],"product_cat":[77],"product_tag":[11101,11102,8316],"class_list":{"0":"post-124728","1":"product","2":"type-product","3":"status-publish","4":"has-post-thumbnail","6":"product_cat-fundas","7":"product_tag-acabado-texturizado","8":"product_tag-diseno-de-proteccion","9":"product_tag-funda-para-telefono","11":"first","12":"instock","13":"shipping-taxable","14":"product-type-simple"},"jetpack_sharing_enabled":true,"_links":{"self":[{"href":"https:\/\/www.mobile-well.com\/es\/wp-json\/wp\/v2\/product\/124728","targetHints":{"allow":["GET"]}}],"collection":[{"href":"https:\/\/www.mobile-well.com\/es\/wp-json\/wp\/v2\/product"}],"about":[{"href":"https:\/\/www.mobile-well.com\/es\/wp-json\/wp\/v2\/types\/product"}],"wp:featuredmedia":[{"embeddable":true,"href":"https:\/\/www.mobile-well.com\/es\/wp-json\/wp\/v2\/media\/124734"}],"wp:attachment":[{"href":"https:\/\/www.mobile-well.com\/es\/wp-json\/wp\/v2\/media?parent=124728"}],"wp:term":[{"taxonomy":"product_brand","embeddable":true,"href":"https:\/\/www.mobile-well.com\/es\/wp-json\/wp\/v2\/product_brand?post=124728"},{"taxonomy":"product_cat","embeddable":true,"href":"https:\/\/www.mobile-well.com\/es\/wp-json\/wp\/v2\/product_cat?post=124728"},{"taxonomy":"product_tag","embeddable":true,"href":"https:\/\/www.mobile-well.com\/es\/wp-json\/wp\/v2\/product_tag?post=124728"}],"curies":[{"name":"wp","href":"https:\/\/api.w.org\/{rel}","templated":true}]}}