{"id":124742,"date":"2026-04-28T15:26:55","date_gmt":"2026-04-28T07:26:55","guid":{"rendered":"https:\/\/www.mobile-well.com\/?post_type=product&#038;p=124742"},"modified":"2026-04-28T15:27:13","modified_gmt":"2026-04-28T07:27:13","slug":"funda-para-telefono-de-tpu-y-acrilico-con-efecto-camaleon-anillo-magnetico-y-marco-para-la-lente-de-la-camara","status":"publish","type":"product","link":"https:\/\/www.mobile-well.com\/es\/producto\/funda-para-telefono-de-tpu-y-acrilico-con-efecto-camaleon-anillo-magnetico-y-marco-para-la-lente-de-la-camara\/","title":{"rendered":"Funda para tel\u00e9fono de TPU y acr\u00edlico con efecto camale\u00f3n, anillo magn\u00e9tico y marco para la lente de la c\u00e1mara."},"content":{"rendered":"","protected":false},"excerpt":{"rendered":"<ul>\n<li>N.\u00ba de producto: PA14<\/li>\n<li>Material: PC + TPU<\/li>\n<li>Acabado: Tacto piel + Magn\u00e9tico<\/li>\n<li>Peso neto del producto: 52,50 g<\/li>\n<\/ul>\n","protected":false},"featured_media":124744,"template":"","meta":[],"product_brand":[],"product_cat":[77],"product_tag":[8316,11104],"class_list":{"0":"post-124742","1":"product","2":"type-product","3":"status-publish","4":"has-post-thumbnail","6":"product_cat-fundas","7":"product_tag-funda-para-telefono","8":"product_tag-marco-para-la-lente-de-la-camara","10":"first","11":"instock","12":"shipping-taxable","13":"product-type-simple"},"jetpack_sharing_enabled":true,"_links":{"self":[{"href":"https:\/\/www.mobile-well.com\/es\/wp-json\/wp\/v2\/product\/124742","targetHints":{"allow":["GET"]}}],"collection":[{"href":"https:\/\/www.mobile-well.com\/es\/wp-json\/wp\/v2\/product"}],"about":[{"href":"https:\/\/www.mobile-well.com\/es\/wp-json\/wp\/v2\/types\/product"}],"wp:featuredmedia":[{"embeddable":true,"href":"https:\/\/www.mobile-well.com\/es\/wp-json\/wp\/v2\/media\/124744"}],"wp:attachment":[{"href":"https:\/\/www.mobile-well.com\/es\/wp-json\/wp\/v2\/media?parent=124742"}],"wp:term":[{"taxonomy":"product_brand","embeddable":true,"href":"https:\/\/www.mobile-well.com\/es\/wp-json\/wp\/v2\/product_brand?post=124742"},{"taxonomy":"product_cat","embeddable":true,"href":"https:\/\/www.mobile-well.com\/es\/wp-json\/wp\/v2\/product_cat?post=124742"},{"taxonomy":"product_tag","embeddable":true,"href":"https:\/\/www.mobile-well.com\/es\/wp-json\/wp\/v2\/product_tag?post=124742"}],"curies":[{"name":"wp","href":"https:\/\/api.w.org\/{rel}","templated":true}]}}