{"id":124747,"date":"2026-04-28T15:33:01","date_gmt":"2026-04-28T07:33:01","guid":{"rendered":"https:\/\/www.mobile-well.com\/?post_type=product&#038;p=124747"},"modified":"2026-04-28T15:33:10","modified_gmt":"2026-04-28T07:33:10","slug":"funda-magnetica-para-telefono-de-tpu-acrilico-con-efecto-camaleon-y-anillo-de-camara-ultradelgado-de-nuevo-diseno","status":"publish","type":"product","link":"https:\/\/www.mobile-well.com\/es\/producto\/funda-magnetica-para-telefono-de-tpu-acrilico-con-efecto-camaleon-y-anillo-de-camara-ultradelgado-de-nuevo-diseno\/","title":{"rendered":"Funda magn\u00e9tica para tel\u00e9fono de TPU + acr\u00edlico con efecto camale\u00f3n y anillo de c\u00e1mara ultradelgado de nuevo dise\u00f1o."},"content":{"rendered":"","protected":false},"excerpt":{"rendered":"<ul>\n<li>N.\u00ba de producto: PA16<\/li>\n<li>Material: TPU + Acr\u00edlico + Herrajes<\/li>\n<li>Proceso: Moldeo por inyecci\u00f3n<\/li>\n<li>Peso neto del producto: 40,60 g<\/li>\n<\/ul>\n","protected":false},"featured_media":124749,"template":"","meta":[],"product_brand":[],"product_cat":[77],"product_tag":[11105,10638],"class_list":{"0":"post-124747","1":"product","2":"type-product","3":"status-publish","4":"has-post-thumbnail","6":"product_cat-fundas","7":"product_tag-anillo-de-camara-ultradelgado","8":"product_tag-funda-magnetica-para-telefono","10":"first","11":"instock","12":"shipping-taxable","13":"product-type-simple"},"jetpack_sharing_enabled":true,"_links":{"self":[{"href":"https:\/\/www.mobile-well.com\/es\/wp-json\/wp\/v2\/product\/124747","targetHints":{"allow":["GET"]}}],"collection":[{"href":"https:\/\/www.mobile-well.com\/es\/wp-json\/wp\/v2\/product"}],"about":[{"href":"https:\/\/www.mobile-well.com\/es\/wp-json\/wp\/v2\/types\/product"}],"wp:featuredmedia":[{"embeddable":true,"href":"https:\/\/www.mobile-well.com\/es\/wp-json\/wp\/v2\/media\/124749"}],"wp:attachment":[{"href":"https:\/\/www.mobile-well.com\/es\/wp-json\/wp\/v2\/media?parent=124747"}],"wp:term":[{"taxonomy":"product_brand","embeddable":true,"href":"https:\/\/www.mobile-well.com\/es\/wp-json\/wp\/v2\/product_brand?post=124747"},{"taxonomy":"product_cat","embeddable":true,"href":"https:\/\/www.mobile-well.com\/es\/wp-json\/wp\/v2\/product_cat?post=124747"},{"taxonomy":"product_tag","embeddable":true,"href":"https:\/\/www.mobile-well.com\/es\/wp-json\/wp\/v2\/product_tag?post=124747"}],"curies":[{"name":"wp","href":"https:\/\/api.w.org\/{rel}","templated":true}]}}