{"id":124757,"date":"2026-04-28T15:43:00","date_gmt":"2026-04-28T07:43:00","guid":{"rendered":"https:\/\/www.mobile-well.com\/?post_type=product&#038;p=124757"},"modified":"2026-04-28T15:43:21","modified_gmt":"2026-04-28T07:43:21","slug":"funda-magnetica-para-telefono-de-tpu-y-acrilico-con-soporte-para-la-lente-de-la-camara","status":"publish","type":"product","link":"https:\/\/www.mobile-well.com\/es\/producto\/funda-magnetica-para-telefono-de-tpu-y-acrilico-con-soporte-para-la-lente-de-la-camara\/","title":{"rendered":"Funda magn\u00e9tica para tel\u00e9fono de TPU y acr\u00edlico con soporte para la lente de la c\u00e1mara."},"content":{"rendered":"","protected":false},"excerpt":{"rendered":"<ul>\n<li>N.\u00ba de producto: PA17<\/li>\n<li>Material: TPU + Acr\u00edlico + Aleaci\u00f3n de zinc<\/li>\n<li>Proceso: Moldeo por inyecci\u00f3n<\/li>\n<li>Peso neto del producto: 62,60 g<\/li>\n<\/ul>\n","protected":false},"featured_media":124762,"template":"","meta":[],"product_brand":[],"product_cat":[77],"product_tag":[10638],"class_list":{"0":"post-124757","1":"product","2":"type-product","3":"status-publish","4":"has-post-thumbnail","6":"product_cat-fundas","7":"product_tag-funda-magnetica-para-telefono","9":"first","10":"instock","11":"shipping-taxable","12":"product-type-simple"},"jetpack_sharing_enabled":true,"_links":{"self":[{"href":"https:\/\/www.mobile-well.com\/es\/wp-json\/wp\/v2\/product\/124757","targetHints":{"allow":["GET"]}}],"collection":[{"href":"https:\/\/www.mobile-well.com\/es\/wp-json\/wp\/v2\/product"}],"about":[{"href":"https:\/\/www.mobile-well.com\/es\/wp-json\/wp\/v2\/types\/product"}],"wp:featuredmedia":[{"embeddable":true,"href":"https:\/\/www.mobile-well.com\/es\/wp-json\/wp\/v2\/media\/124762"}],"wp:attachment":[{"href":"https:\/\/www.mobile-well.com\/es\/wp-json\/wp\/v2\/media?parent=124757"}],"wp:term":[{"taxonomy":"product_brand","embeddable":true,"href":"https:\/\/www.mobile-well.com\/es\/wp-json\/wp\/v2\/product_brand?post=124757"},{"taxonomy":"product_cat","embeddable":true,"href":"https:\/\/www.mobile-well.com\/es\/wp-json\/wp\/v2\/product_cat?post=124757"},{"taxonomy":"product_tag","embeddable":true,"href":"https:\/\/www.mobile-well.com\/es\/wp-json\/wp\/v2\/product_tag?post=124757"}],"curies":[{"name":"wp","href":"https:\/\/api.w.org\/{rel}","templated":true}]}}